{"id":1647,"date":"2026-02-04T07:37:22","date_gmt":"2026-02-04T07:37:22","guid":{"rendered":"https:\/\/spin-macho.com\/login-and-registration\/"},"modified":"2026-02-04T09:44:11","modified_gmt":"2026-02-04T09:44:11","slug":"anmeldung-und-registrierung","status":"publish","type":"page","link":"https:\/\/spin-macho.com\/de\/anmeldung-und-registrierung\/","title":{"rendered":"Anmeldung und Registrierung"},"content":{"rendered":"<h1>Spinmacho Login &amp; Registrierung<\/h1>\n<p>Wir halten den Spinmacho-Login-Prozess klar und sicher, damit wir jederzeit schnell auf unser pers\u00f6nliches Konto zugreifen k\u00f6nnen. Nach dem Einloggen k\u00f6nnen wir unser Spielerlebnis in einer stabilen Umgebung fortsetzen \u2013 mit allen wichtigen Konto-Tools an einem Ort.<\/p>\n<p><div class=\"banner-wrap\" aria-label=\"Banner\"><img src=\"https:\/\/spin-macho.com\/wp-content\/uploads\/2026\/02\/Spinmacho-Banner-Desktop.webp\" class=\"w-100 d-none d-lg-block img-pc main-banner-img\" alt=\"Spinmacho Banner Desktop\" fetchpriority=\"high\" decoding=\"async\"><img src=\"https:\/\/spin-macho.com\/wp-content\/uploads\/2026\/02\/Spinmacho-banner-mobile.webp\" class=\"w-100 d-none d-md-block d-lg-none main-banner-img\" alt=\"Spinmacho banner mobile\" fetchpriority=\"high\" decoding=\"async\"><img src=\"https:\/\/spin-macho.com\/wp-content\/uploads\/2026\/02\/Spinmacho-banner-mobile.webp\" class=\"w-100 d-md-none\" alt=\"Spinmacho banner mobile\" fetchpriority=\"high\" decoding=\"async\"><div class=\"banner-description\">\n<div class=\"banner-title\">Willkommensboni<\/div>\n<p class=\"banner-header-title\">\u20ac1500<\/p>\n<div class=\"banner-header-AdditionalText\">+ 250 Freispiele<\/div>\n<button data-item=\"homepage_banner_link\" class=\"goto m-button m-gradient-border m-button--primary m-button--large banner-button btn-orange\">\n            <div class=\"m-button-content\">\n                <span>Jetzt anmelden<\/span>\n                <span><\/span>\n            <\/div>\n        <\/button>\n<\/div>\n<div class=\"WelcomePack\">\n<p><img loading=\"lazy\" decoding=\"async\" class=\"alignnone size-full wp-image-1530\" src=\"https:\/\/spin-macho.com\/wp-content\/uploads\/2026\/02\/welcome-crown.png\" alt=\"welcome crown\" width=\"25\" height=\"26\" \/><\/p>\n<div class=\"WelcomePack-Info\">W\u00f6chentlicher Cashback von bis zu 25 %<\/div>\n<p><img loading=\"lazy\" decoding=\"async\" class=\"alignnone size-full wp-image-1530\" src=\"https:\/\/spin-macho.com\/wp-content\/uploads\/2026\/02\/welcome-crown.png\" alt=\"welcome crown\" width=\"25\" height=\"26\" \/><\/p>\n<\/div>\n<\/div><div class=\"scrollable-content-wrap my-5\"><div class=\"scrollable-content-inner\"><h2>Spinmacho Registrierung<\/h2>\n<p>Wenn wir uns bei Spin Macho registrieren, erstellen wir ein pers\u00f6nliches Konto, mit dem wir den Spinmacho Login nutzen und in einer sicheren Umgebung spielen k\u00f6nnen. Nach der Registrierung erhalten wir vollen Zugriff auf Echtgeldspiele und die wichtigsten Kontofunktionen auf unserer Plattform.<\/p>\n<p>Um ein neues Konto zu registrieren, folgen wir diesen Schritten:<\/p>\n<ol>\n<li>Auf unserer Website klicken wir auf die Schaltfl\u00e4che Registrieren.<\/li>\n<li>Wir geben eine g\u00fcltige E-Mail-Adresse ein und erstellen ein sicheres Passwort f\u00fcr zuk\u00fcnftige Logins.<\/li>\n<li>Wir best\u00e4tigen, dass wir vollj\u00e4hrig sind, und akzeptieren die Allgemeinen Gesch\u00e4ftsbedingungen sowie die Datenschutzerkl\u00e4rung.<\/li>\n<li>Wir senden das Formular ab und best\u00e4tigen \u2013 falls erforderlich \u2013 unsere E-Mail-Adresse \u00fcber den Link, der an unseren Posteingang gesendet wurde.<\/li>\n<\/ol>\n<p>Sobald unser Konto erstellt ist, k\u00f6nnen wir auf unseren Profilbereich zugreifen und unsere Aktivit\u00e4ten bei Spinmacho bequem verwalten.<\/p>\n<h2>Spinmacho Login und Kontoverwaltung<\/h2>\n<p>Wir haben den Spinmacho-Login-Prozess so gestaltet, dass er schnell und \u00fcbersichtlich ist, damit wir ohne Verwirrung zu unseren Spielen und in unseren Kontobereich zur\u00fcckkehren k\u00f6nnen. Nach dem Einloggen erhalten wir direkten Zugriff auf unser pers\u00f6nliches Dashboard, in dem wir unsere Aktivit\u00e4ten und Einstellungen auf unserer Plattform steuern.<\/p>\n<p>Um uns in unser Konto einzuloggen, folgen wir diesen Schritten:<\/p>\n<ol>\n<li>Wir \u00f6ffnen unsere Website und klicken auf die Schaltfl\u00e4che Anmelden.<\/li>\n<li>Wir geben die E-Mail-Adresse ein, die wir bei der Registrierung verwendet haben, sowie unser Passwort.<\/li>\n<li>Wir klicken auf Anmelden, um auf unseren pers\u00f6nlichen Kontobereich zuzugreifen.<\/li>\n<\/ol>\n<p>In unserem Konto sehen wir unser aktuelles Guthaben und unsere letzten Aktivit\u00e4ten in strukturierter Form. Wir k\u00f6nnen pers\u00f6nliche Daten aktualisieren, Sicherheitseinstellungen \u00e4ndern und Kommunikationspr\u00e4ferenzen an unsere Bed\u00fcrfnisse anpassen. Unser Dashboard hilft uns au\u00dferdem, unsere Spielaktivit\u00e4ten im Blick zu behalten und unsere Erfahrung bei Spin Macho besser zu kontrollieren.<\/p>\n<h3>Passwort vergessen?<\/h3>\n<p>Wenn wir unser Passwort vergessen, k\u00f6nnen wir den Zugriff auf unser Spin Macho Konto \u00fcber die Standard-Wiederherstellungsoption auf unserer Website wiederherstellen. Auf der Anmeldeseite w\u00e4hlen wir den Link zur Passwortwiederherstellung aus und geben die E-Mail-Adresse ein, die wir f\u00fcr unseren Spinmacho Login verwendet haben. Wir senden uns anschlie\u00dfend Anweisungen mit einem sicheren Link, und nachdem wir diesem gefolgt sind, k\u00f6nnen wir ein neues Passwort f\u00fcr unser Konto festlegen.<\/p>\n<h2>Verifizierung im Spinmacho Casino<\/h2>\n<p>Bei Spinmacho bitten wir unsere Spieler, die Verifizierung abzuschlie\u00dfen, damit wir Konten sch\u00fctzen, lokale Vorschriften einhalten und Zahlungen sicher abwickeln k\u00f6nnen. Dieser Schritt ist in der Regel vor Auszahlungen oder dann erforderlich, wenn wir eine neue Zahlungsmethode verwenden.<\/p>\n<p>Wir k\u00f6nnen unser Konto mit Dokumenten verifizieren, zum Beispiel:<\/p>\n<ul>\n<li>Reisepass, Personalausweis oder F\u00fchrerschein<\/li>\n<li>Aktuelle Versorgerrechnung oder Kontoauszug mit unserer Adresse<\/li>\n<li>Nachweis der Zahlungsmethode, zum Beispiel ein Foto unserer Bankkarte, bei dem die mittleren Ziffern verdeckt sind<\/li>\n<\/ul>\n<p>Wir laden diese Dateien in unserem Kontobereich hoch, und sobald wir sie freigeben, laufen Auszahlungen und andere finanzielle Vorg\u00e4nge in der Regel reibungsloser ab.<\/p>\n<h2>FAQ<\/h2>\n<h3>Wie k\u00f6nnen wir unser Konto verifizieren?<\/h3>\n<p>Um unser Konto zu verifizieren, loggen wir uns ein und gehen in unseren Profilbereich, wo wir die Verifizierungsseite anzeigen. Dort k\u00f6nnen wir Fotos oder Scans der Dokumente hochladen, die wir anfordern, zum Beispiel einen Ausweis und \u2013 falls n\u00f6tig \u2013 einen Adressnachweis. Zum Beispiel k\u00f6nnen wir ein gut erkennbares Foto unseres Reisepasses und eine aktuelle Rechnung hochladen, auf der unser Name steht. Nachdem wir die Dateien eingereicht haben, pr\u00fcft unser Team sie und aktualisiert den Status unseres Kontos.<\/p>\n<h3>K\u00f6nnen wir unser Passwort oder unsere E-Mail-Adresse \u00e4ndern?<\/h3>\n<p>Wir k\u00f6nnen unser Passwort nach dem Einloggen in den Sicherheitseinstellungen \u00e4ndern. Um unsere E-Mail-Adresse zu \u00e4ndern, kontaktieren wir unser Support-Team, damit wir best\u00e4tigen k\u00f6nnen, dass wir der Kontoinhaber sind, und anschlie\u00dfend unsere Daten sicher aktualisieren. So sch\u00fctzen wir unseren Spinmacho Login und unsere pers\u00f6nlichen Daten.<\/p>\n<h3>Was sollen wir tun, wenn unser Konto gesperrt ist?<\/h3>\n<p>Wenn unser Konto gesperrt ist, schauen wir zuerst in unsere E-Mails, einschlie\u00dflich des Spam-Ordners, um zu pr\u00fcfen, ob wir bereits eine Nachricht mit dem Grund erhalten haben. Manchmal sperren wir Konten aus Sicherheitsgr\u00fcnden, zum Beispiel nach vielen falschen Passworteingaben hintereinander. Wenn wir keine Informationen finden, wenden wir uns \u00fcber den Chat oder das Hilfeformular auf der Website an unser Support-Team.<\/p>\n<h3>Wie schlie\u00dfen wir unser Konto oder setzen es vor\u00fcbergehend aus?<\/h3>\n<p>Wenn wir eine Pause vom Spielen m\u00f6chten, k\u00f6nnen wir uns bitten, den Zugriff auf unser Konto f\u00fcr einen bestimmten Zeitraum zu begrenzen. Zum Beispiel k\u00f6nnen wir uns entscheiden, eine Pause f\u00fcr eine Woche oder einen Monat einzulegen und sp\u00e4ter zur\u00fcckzukommen. Wenn wir sicher sind, dass wir unsere Dienste nicht mehr nutzen m\u00f6chten, k\u00f6nnen wir stattdessen die vollst\u00e4ndige Schlie\u00dfung beantragen.<\/p>\n<\/div><\/div><\/p>\n","protected":false},"excerpt":{"rendered":"<p>Spinmacho Login &amp; Registrierung Wir halten den Spinmacho-Login-Prozess klar und sicher, damit wir jederzeit schnell auf unser pers\u00f6nliches Konto zugreifen k\u00f6nnen. Nach dem Einloggen k\u00f6nnen wir unser Spielerlebnis in einer stabilen Umgebung fortsetzen \u2013 mit allen wichtigen Konto-Tools an einem Ort.<\/p>\n","protected":false},"author":1,"featured_media":0,"parent":0,"menu_order":0,"comment_status":"closed","ping_status":"closed","template":"template-builder.php","meta":{"_acf_changed":false,"inline_featured_image":false,"footnotes":""},"class_list":["post-1647","page","type-page","status-publish","hentry"],"acf":[],"yoast_head":"<!-- This site is optimized with the Yoast SEO plugin v27.3 - https:\/\/yoast.com\/product\/yoast-seo-wordpress\/ -->\n<title>Spinmacho Login: Anmelden, Registrieren &amp; Konto verifizieren<\/title>\n<meta name=\"description\" content=\"Greife schnell und sicher auf dein Spinmacho-Konto zu. Folge Login-Schritten, verwalte Einstellungen, setze Passw\u00f6rter zur\u00fcck und schlie\u00dfe KYC f\u00fcr Auszahlungen ab.\" \/>\n<meta name=\"robots\" content=\"index, follow, max-snippet:-1, max-image-preview:large, max-video-preview:-1\" \/>\n<link rel=\"canonical\" href=\"https:\/\/spin-macho.com\/de\/anmeldung-und-registrierung\/\" \/>\n<meta property=\"og:locale\" content=\"de_DE\" \/>\n<meta property=\"og:type\" content=\"article\" \/>\n<meta property=\"og:title\" content=\"Spinmacho Login: Anmelden, Registrieren &amp; Konto verifizieren\" \/>\n<meta property=\"og:description\" content=\"Greife schnell und sicher auf dein Spinmacho-Konto zu. Folge Login-Schritten, verwalte Einstellungen, setze Passw\u00f6rter zur\u00fcck und schlie\u00dfe KYC f\u00fcr Auszahlungen ab.\" \/>\n<meta property=\"og:url\" content=\"https:\/\/spin-macho.com\/de\/anmeldung-und-registrierung\/\" \/>\n<meta property=\"og:site_name\" content=\"spinmacho\" \/>\n<meta property=\"article:modified_time\" content=\"2026-02-04T09:44:11+00:00\" \/>\n<meta name=\"twitter:card\" content=\"summary_large_image\" \/>\n<meta name=\"twitter:label1\" content=\"Gesch\u00e4tzte Lesezeit\" \/>\n\t<meta name=\"twitter:data1\" content=\"1\u00a0Minute\" \/>\n<script type=\"application\/ld+json\" class=\"yoast-schema-graph\">{\"@context\":\"https:\\\/\\\/schema.org\",\"@graph\":[{\"@type\":\"WebPage\",\"@id\":\"https:\\\/\\\/spin-macho.com\\\/de\\\/anmeldung-und-registrierung\\\/\",\"url\":\"https:\\\/\\\/spin-macho.com\\\/de\\\/anmeldung-und-registrierung\\\/\",\"name\":\"Spinmacho Login: Anmelden, Registrieren & Konto verifizieren\",\"isPartOf\":{\"@id\":\"https:\\\/\\\/spin-macho.com\\\/de\\\/#website\"},\"datePublished\":\"2026-02-04T07:37:22+00:00\",\"dateModified\":\"2026-02-04T09:44:11+00:00\",\"description\":\"Greife schnell und sicher auf dein Spinmacho-Konto zu. Folge Login-Schritten, verwalte Einstellungen, setze Passw\u00f6rter zur\u00fcck und schlie\u00dfe KYC f\u00fcr Auszahlungen ab.\",\"breadcrumb\":{\"@id\":\"https:\\\/\\\/spin-macho.com\\\/de\\\/anmeldung-und-registrierung\\\/#breadcrumb\"},\"inLanguage\":\"de\",\"potentialAction\":[{\"@type\":\"ReadAction\",\"target\":[\"https:\\\/\\\/spin-macho.com\\\/de\\\/anmeldung-und-registrierung\\\/\"]}]},{\"@type\":\"BreadcrumbList\",\"@id\":\"https:\\\/\\\/spin-macho.com\\\/de\\\/anmeldung-und-registrierung\\\/#breadcrumb\",\"itemListElement\":[{\"@type\":\"ListItem\",\"position\":1,\"name\":\"Spinmacho\",\"item\":\"https:\\\/\\\/spin-macho.com\\\/de\\\/\"},{\"@type\":\"ListItem\",\"position\":2,\"name\":\"Anmeldung und Registrierung\"}]},{\"@type\":\"WebSite\",\"@id\":\"https:\\\/\\\/spin-macho.com\\\/de\\\/#website\",\"url\":\"https:\\\/\\\/spin-macho.com\\\/de\\\/\",\"name\":\"Spinmacho\",\"description\":\"\",\"publisher\":{\"@id\":\"https:\\\/\\\/spin-macho.com\\\/de\\\/#organization\"},\"potentialAction\":[{\"@type\":\"SearchAction\",\"target\":{\"@type\":\"EntryPoint\",\"urlTemplate\":\"https:\\\/\\\/spin-macho.com\\\/de\\\/?s={search_term_string}\"},\"query-input\":{\"@type\":\"PropertyValueSpecification\",\"valueRequired\":true,\"valueName\":\"search_term_string\"}}],\"inLanguage\":\"de\"},{\"@type\":\"Organization\",\"@id\":\"https:\\\/\\\/spin-macho.com\\\/de\\\/#organization\",\"name\":\"Spinmacho\",\"url\":\"https:\\\/\\\/spin-macho.com\\\/de\\\/\",\"logo\":{\"@type\":\"ImageObject\",\"inLanguage\":\"de\",\"@id\":\"https:\\\/\\\/spin-macho.com\\\/de\\\/#\\\/schema\\\/logo\\\/image\\\/\",\"url\":\"https:\\\/\\\/spin-macho.com\\\/wp-content\\\/uploads\\\/2026\\\/02\\\/Spinmacho-logo-Desktop.png\",\"contentUrl\":\"https:\\\/\\\/spin-macho.com\\\/wp-content\\\/uploads\\\/2026\\\/02\\\/Spinmacho-logo-Desktop.png\",\"width\":115,\"height\":28,\"caption\":\"Spinmacho\"},\"image\":{\"@id\":\"https:\\\/\\\/spin-macho.com\\\/de\\\/#\\\/schema\\\/logo\\\/image\\\/\"}}]}<\/script>\n<!-- \/ Yoast SEO plugin. -->","yoast_head_json":{"title":"Spinmacho Login: Anmelden, Registrieren & Konto verifizieren","description":"Greife schnell und sicher auf dein Spinmacho-Konto zu. Folge Login-Schritten, verwalte Einstellungen, setze Passw\u00f6rter zur\u00fcck und schlie\u00dfe KYC f\u00fcr Auszahlungen ab.","robots":{"index":"index","follow":"follow","max-snippet":"max-snippet:-1","max-image-preview":"max-image-preview:large","max-video-preview":"max-video-preview:-1"},"canonical":"https:\/\/spin-macho.com\/de\/anmeldung-und-registrierung\/","og_locale":"de_DE","og_type":"article","og_title":"Spinmacho Login: Anmelden, Registrieren & Konto verifizieren","og_description":"Greife schnell und sicher auf dein Spinmacho-Konto zu. Folge Login-Schritten, verwalte Einstellungen, setze Passw\u00f6rter zur\u00fcck und schlie\u00dfe KYC f\u00fcr Auszahlungen ab.","og_url":"https:\/\/spin-macho.com\/de\/anmeldung-und-registrierung\/","og_site_name":"spinmacho","article_modified_time":"2026-02-04T09:44:11+00:00","twitter_card":"summary_large_image","twitter_misc":{"Gesch\u00e4tzte Lesezeit":"1\u00a0Minute"},"schema":{"@context":"https:\/\/schema.org","@graph":[{"@type":"WebPage","@id":"https:\/\/spin-macho.com\/de\/anmeldung-und-registrierung\/","url":"https:\/\/spin-macho.com\/de\/anmeldung-und-registrierung\/","name":"Spinmacho Login: Anmelden, Registrieren & Konto verifizieren","isPartOf":{"@id":"https:\/\/spin-macho.com\/de\/#website"},"datePublished":"2026-02-04T07:37:22+00:00","dateModified":"2026-02-04T09:44:11+00:00","description":"Greife schnell und sicher auf dein Spinmacho-Konto zu. Folge Login-Schritten, verwalte Einstellungen, setze Passw\u00f6rter zur\u00fcck und schlie\u00dfe KYC f\u00fcr Auszahlungen ab.","breadcrumb":{"@id":"https:\/\/spin-macho.com\/de\/anmeldung-und-registrierung\/#breadcrumb"},"inLanguage":"de","potentialAction":[{"@type":"ReadAction","target":["https:\/\/spin-macho.com\/de\/anmeldung-und-registrierung\/"]}]},{"@type":"BreadcrumbList","@id":"https:\/\/spin-macho.com\/de\/anmeldung-und-registrierung\/#breadcrumb","itemListElement":[{"@type":"ListItem","position":1,"name":"Spinmacho","item":"https:\/\/spin-macho.com\/de\/"},{"@type":"ListItem","position":2,"name":"Anmeldung und Registrierung"}]},{"@type":"WebSite","@id":"https:\/\/spin-macho.com\/de\/#website","url":"https:\/\/spin-macho.com\/de\/","name":"Spinmacho","description":"","publisher":{"@id":"https:\/\/spin-macho.com\/de\/#organization"},"potentialAction":[{"@type":"SearchAction","target":{"@type":"EntryPoint","urlTemplate":"https:\/\/spin-macho.com\/de\/?s={search_term_string}"},"query-input":{"@type":"PropertyValueSpecification","valueRequired":true,"valueName":"search_term_string"}}],"inLanguage":"de"},{"@type":"Organization","@id":"https:\/\/spin-macho.com\/de\/#organization","name":"Spinmacho","url":"https:\/\/spin-macho.com\/de\/","logo":{"@type":"ImageObject","inLanguage":"de","@id":"https:\/\/spin-macho.com\/de\/#\/schema\/logo\/image\/","url":"https:\/\/spin-macho.com\/wp-content\/uploads\/2026\/02\/Spinmacho-logo-Desktop.png","contentUrl":"https:\/\/spin-macho.com\/wp-content\/uploads\/2026\/02\/Spinmacho-logo-Desktop.png","width":115,"height":28,"caption":"Spinmacho"},"image":{"@id":"https:\/\/spin-macho.com\/de\/#\/schema\/logo\/image\/"}}]}},"_links":{"self":[{"href":"https:\/\/spin-macho.com\/de\/wp-json\/wp\/v2\/pages\/1647","targetHints":{"allow":["GET"]}}],"collection":[{"href":"https:\/\/spin-macho.com\/de\/wp-json\/wp\/v2\/pages"}],"about":[{"href":"https:\/\/spin-macho.com\/de\/wp-json\/wp\/v2\/types\/page"}],"author":[{"embeddable":true,"href":"https:\/\/spin-macho.com\/de\/wp-json\/wp\/v2\/users\/1"}],"replies":[{"embeddable":true,"href":"https:\/\/spin-macho.com\/de\/wp-json\/wp\/v2\/comments?post=1647"}],"version-history":[{"count":1,"href":"https:\/\/spin-macho.com\/de\/wp-json\/wp\/v2\/pages\/1647\/revisions"}],"predecessor-version":[{"id":1768,"href":"https:\/\/spin-macho.com\/de\/wp-json\/wp\/v2\/pages\/1647\/revisions\/1768"}],"wp:attachment":[{"href":"https:\/\/spin-macho.com\/de\/wp-json\/wp\/v2\/media?parent=1647"}],"curies":[{"name":"wp","href":"https:\/\/api.w.org\/{rel}","templated":true}]}}