{"id":1652,"date":"2026-02-04T07:37:22","date_gmt":"2026-02-04T07:37:22","guid":{"rendered":"https:\/\/spin-macho.com\/login-and-registration\/"},"modified":"2026-02-04T12:24:16","modified_gmt":"2026-02-04T12:24:16","slug":"inicio-de-sesion-y-registro","status":"publish","type":"page","link":"https:\/\/spin-macho.com\/es\/inicio-de-sesion-y-registro\/","title":{"rendered":"Inicio de sesi\u00f3n y Registro"},"content":{"rendered":"<h1>Inicio de sesi\u00f3n en Spinmacho<\/h1>\n<p>Mantenemos el proceso de inicio de sesi\u00f3n en Spinmacho claro y seguro para que podamos acceder r\u00e1pidamente a nuestra cuenta personal en cualquier momento. Despu\u00e9s de iniciar sesi\u00f3n, podemos continuar nuestra experiencia de juego en un entorno estable, con todas las herramientas clave de la cuenta disponibles en un solo lugar.<\/p>\n<p><div class=\"banner-wrap\" aria-label=\"Banner\"><img src=\"https:\/\/spin-macho.com\/wp-content\/uploads\/2026\/02\/Spinmacho-Banner-Desktop.webp\" class=\"w-100 d-none d-lg-block img-pc main-banner-img\" alt=\"Spinmacho Banner Desktop\" fetchpriority=\"high\" decoding=\"async\"><img src=\"https:\/\/spin-macho.com\/wp-content\/uploads\/2026\/02\/Spinmacho-banner-mobile.webp\" class=\"w-100 d-none d-md-block d-lg-none main-banner-img\" alt=\"Spinmacho banner mobile\" fetchpriority=\"high\" decoding=\"async\"><img src=\"https:\/\/spin-macho.com\/wp-content\/uploads\/2026\/02\/Spinmacho-banner-mobile.webp\" class=\"w-100 d-md-none\" alt=\"Spinmacho banner mobile\" fetchpriority=\"high\" decoding=\"async\"><div class=\"banner-description\">\n<div class=\"banner-title\">Bonos de bienvenida<\/div>\n<p class=\"banner-header-title\">\u20ac1500<\/p>\n<div class=\"banner-header-AdditionalText\">+ 250 Tiradas gratis<\/div>\n<button data-item=\"homepage_banner_link\" class=\"goto m-button m-gradient-border m-button--primary m-button--large banner-button btn-orange\">\n            <div class=\"m-button-content\">\n                <span>Reg\u00edstrate ahora<\/span>\n                <span><\/span>\n            <\/div>\n        <\/button>\n<\/div>\n<div class=\"WelcomePack\">\n<p><img loading=\"lazy\" decoding=\"async\" class=\"alignnone size-full wp-image-1530\" src=\"https:\/\/spin-macho.com\/wp-content\/uploads\/2026\/02\/welcome-crown.png\" alt=\"welcome crown\" width=\"25\" height=\"26\" \/><\/p>\n<div class=\"WelcomePack-Info\">Reembolso semanal de hasta el 25 %<\/div>\n<p><img loading=\"lazy\" decoding=\"async\" class=\"alignnone size-full wp-image-1530\" src=\"https:\/\/spin-macho.com\/wp-content\/uploads\/2026\/02\/welcome-crown.png\" alt=\"welcome crown\" width=\"25\" height=\"26\" \/><\/p>\n<\/div>\n<\/div><div class=\"scrollable-content-wrap my-5\"><div class=\"scrollable-content-inner\"><h2>Registro en Spinmacho<\/h2>\n<p>Cuando nos registramos en Spin Macho, creamos una cuenta personal que nos permite usar el inicio de sesi\u00f3n en Spinmacho y jugar en un entorno seguro. Tras el registro, obtenemos acceso completo al juego con dinero real y a las funciones principales de la cuenta en nuestra plataforma.<\/p>\n<p>Para registrar una cuenta nueva, seguimos estos pasos:<\/p>\n<ol>\n<li>En nuestro sitio web, hacemos clic en el bot\u00f3n Registrarse.<\/li>\n<li>Introducimos una direcci\u00f3n de correo electr\u00f3nico v\u00e1lida y creamos una contrase\u00f1a segura para futuros inicios de sesi\u00f3n.<\/li>\n<li>Confirmamos que somos mayores de edad y aceptamos los T\u00e9rminos y Condiciones y la Pol\u00edtica de Privacidad.<\/li>\n<li>Enviamos el formulario y, si es necesario, confirmamos nuestro correo electr\u00f3nico siguiendo el enlace enviado a nuestra bandeja de entrada.<\/li>\n<\/ol>\n<p>Una vez creada nuestra cuenta, podemos acceder a nuestra \u00e1rea de perfil y gestionar nuestra actividad en Spinmacho de forma c\u00f3moda.<\/p>\n<h2>Inicio de sesi\u00f3n en Spinmacho y gesti\u00f3n de la cuenta<\/h2>\n<p>Dise\u00f1amos el proceso de inicio de sesi\u00f3n en Spinmacho para que sea r\u00e1pido y claro, de modo que podamos volver a nuestros juegos y al \u00e1rea de la cuenta sin confusiones. Despu\u00e9s de iniciar sesi\u00f3n, obtenemos acceso directo a nuestro panel personal, donde controlamos nuestra actividad y configuraci\u00f3n en nuestra plataforma.<\/p>\n<p>Para iniciar sesi\u00f3n en nuestra cuenta, seguimos estos pasos:<\/p>\n<ol>\n<li>Abrimos nuestro sitio web y hacemos clic en el bot\u00f3n Iniciar sesi\u00f3n.<\/li>\n<li>Introducimos la direcci\u00f3n de correo electr\u00f3nico que usamos durante el registro y nuestra contrase\u00f1a.<\/li>\n<li>Hacemos clic en Iniciar sesi\u00f3n para acceder a nuestra \u00e1rea personal de cuenta.<\/li>\n<\/ol>\n<p>En nuestra cuenta, podemos ver nuestro saldo actual y la actividad reciente de forma estructurada. Podemos actualizar nuestros datos personales, cambiar la configuraci\u00f3n de seguridad y ajustar las preferencias de comunicaci\u00f3n seg\u00fan nuestras necesidades. Nuestro panel tambi\u00e9n nos ayuda a hacer seguimiento de nuestra actividad de juego y a mantener un mejor control sobre nuestra experiencia en Spin Macho.<\/p>\n<h3>\u00bfOlvidamos nuestra contrase\u00f1a?<\/h3>\n<p>Si olvidamos nuestra contrase\u00f1a, podemos recuperar el acceso a nuestra cuenta de Spin Macho mediante la opci\u00f3n est\u00e1ndar de recuperaci\u00f3n en nuestro sitio web. En la p\u00e1gina de inicio de sesi\u00f3n, seleccionamos el enlace de recuperaci\u00f3n de contrase\u00f1a e introducimos la direcci\u00f3n de correo electr\u00f3nico que usamos para iniciar sesi\u00f3n en Spinmacho. Enviaremos instrucciones con un enlace seguro y, despu\u00e9s de seguirlo, podremos establecer una nueva contrase\u00f1a para nuestra cuenta.<\/p>\n<h2>Verificaci\u00f3n en el Casino Spinmacho<\/h2>\n<p>En Spinmacho, pedimos a los jugadores que completen la verificaci\u00f3n para que podamos proteger las cuentas, cumplir con las normas locales y mantener los pagos seguros. Este paso suele ser necesario antes de los retiros o cuando usamos un m\u00e9todo de pago nuevo.<\/p>\n<p>Podemos verificar nuestra cuenta con documentos como:<\/p>\n<ul>\n<li>Pasaporte, documento de identidad o licencia de conducir<\/li>\n<li>Factura reciente de servicios o extracto bancario con nuestra direcci\u00f3n<\/li>\n<li>Comprobante del m\u00e9todo de pago, por ejemplo, una foto de nuestra tarjeta bancaria con los d\u00edgitos centrales ocultos<\/li>\n<\/ul>\n<p>Subimos estos archivos en nuestra \u00e1rea de cuenta y, una vez que los aprobamos, los pagos y otras acciones financieras suelen realizarse de forma m\u00e1s fluida.<\/p>\n<h2>Preguntas frecuentes<\/h2>\n<h3>\u00bfC\u00f3mo podemos verificar nuestra cuenta?<\/h3>\n<p>Para verificar nuestra cuenta, iniciamos sesi\u00f3n y vamos a nuestra secci\u00f3n de perfil, donde mostramos la p\u00e1gina de verificaci\u00f3n. All\u00ed podemos subir fotos o escaneos de los documentos que solicitamos, como un documento de identidad y, si es necesario, un comprobante de domicilio. Por ejemplo, podemos tomar una foto n\u00edtida de nuestro pasaporte y una factura reciente que muestre nuestro nombre. Despu\u00e9s de enviar los archivos, nuestro equipo los revisa y actualiza el estado de nuestra cuenta.<\/p>\n<h3>\u00bfPodemos cambiar nuestra contrase\u00f1a o direcci\u00f3n de correo electr\u00f3nico?<\/h3>\n<p>Podemos cambiar nuestra contrase\u00f1a en la configuraci\u00f3n de seguridad despu\u00e9s de iniciar sesi\u00f3n. Para cambiar nuestra direcci\u00f3n de correo electr\u00f3nico, nos ponemos en contacto con nuestro equipo de soporte para que podamos confirmar que somos los propietarios de la cuenta y luego actualizar nuestros datos de forma segura. Esto nos ayuda a proteger nuestro inicio de sesi\u00f3n en Spinmacho y nuestros datos personales.<\/p>\n<h3>\u00bfQu\u00e9 debemos hacer si nuestra cuenta est\u00e1 bloqueada?<\/h3>\n<p>Si nuestra cuenta est\u00e1 bloqueada, primero revisamos nuestro correo electr\u00f3nico, incluida la carpeta de spam, para ver si ya enviamos un mensaje con el motivo. A veces bloqueamos cuentas por razones de seguridad, por ejemplo, despu\u00e9s de muchos intentos seguidos con contrase\u00f1as incorrectas. Si no encontramos ninguna informaci\u00f3n, nos ponemos en contacto con nuestro equipo de soporte mediante el chat o el formulario de ayuda del sitio.<\/p>\n<h3>\u00bfC\u00f3mo podemos cerrar o suspender temporalmente nuestra cuenta?<\/h3>\n<p>Si queremos tomarnos un descanso de jugar, podemos pedirnos que limitemos el acceso a nuestra cuenta durante un tiempo determinado. Por ejemplo, podemos decidir hacer una pausa de una semana o un mes y volver m\u00e1s adelante. Si estamos seguros de que no queremos usar nuestros servicios nunca m\u00e1s, podemos solicitar el cierre definitivo en su lugar.<\/p>\n<\/div><\/div><\/p>\n","protected":false},"excerpt":{"rendered":"<p>Inicio de sesi\u00f3n en Spinmacho Mantenemos el proceso de inicio de sesi\u00f3n en Spinmacho claro y seguro para que podamos acceder r\u00e1pidamente a nuestra cuenta personal en cualquier momento. Despu\u00e9s de iniciar sesi\u00f3n, podemos continuar nuestra experiencia de juego en un entorno estable, con todas las herramientas clave de la cuenta disponibles en un solo [&hellip;]<\/p>\n","protected":false},"author":1,"featured_media":0,"parent":0,"menu_order":0,"comment_status":"closed","ping_status":"closed","template":"template-builder.php","meta":{"_acf_changed":false,"inline_featured_image":false,"footnotes":""},"class_list":["post-1652","page","type-page","status-publish","hentry"],"acf":[],"yoast_head":"<!-- This site is optimized with the Yoast SEO plugin v27.3 - https:\/\/yoast.com\/product\/yoast-seo-wordpress\/ -->\n<title>Spinmacho Login: entrar, registrarse y verificar la cuenta<\/title>\n<meta name=\"description\" content=\"Accede a tu cuenta Spinmacho r\u00e1pido y seguro en minutos. Sigue pasos de inicio de sesi\u00f3n, gestiona tu perfil, recupera la contrase\u00f1a y completa KYC para retiros.\" \/>\n<meta name=\"robots\" content=\"index, follow, max-snippet:-1, max-image-preview:large, max-video-preview:-1\" \/>\n<link rel=\"canonical\" href=\"https:\/\/spin-macho.com\/es\/inicio-de-sesion-y-registro\/\" \/>\n<meta property=\"og:locale\" content=\"es_ES\" \/>\n<meta property=\"og:type\" content=\"article\" \/>\n<meta property=\"og:title\" content=\"Spinmacho Login: entrar, registrarse y verificar la cuenta\" \/>\n<meta property=\"og:description\" content=\"Accede a tu cuenta Spinmacho r\u00e1pido y seguro en minutos. Sigue pasos de inicio de sesi\u00f3n, gestiona tu perfil, recupera la contrase\u00f1a y completa KYC para retiros.\" \/>\n<meta property=\"og:url\" content=\"https:\/\/spin-macho.com\/es\/inicio-de-sesion-y-registro\/\" \/>\n<meta property=\"og:site_name\" content=\"spinmacho\" \/>\n<meta property=\"article:modified_time\" content=\"2026-02-04T12:24:16+00:00\" \/>\n<meta name=\"twitter:card\" content=\"summary_large_image\" \/>\n<meta name=\"twitter:label1\" content=\"Est. reading time\" \/>\n\t<meta name=\"twitter:data1\" content=\"1 minuto\" \/>\n<script type=\"application\/ld+json\" class=\"yoast-schema-graph\">{\"@context\":\"https:\\\/\\\/schema.org\",\"@graph\":[{\"@type\":\"WebPage\",\"@id\":\"https:\\\/\\\/spin-macho.com\\\/es\\\/inicio-de-sesion-y-registro\\\/\",\"url\":\"https:\\\/\\\/spin-macho.com\\\/es\\\/inicio-de-sesion-y-registro\\\/\",\"name\":\"Spinmacho Login: entrar, registrarse y verificar la cuenta\",\"isPartOf\":{\"@id\":\"https:\\\/\\\/spin-macho.com\\\/es\\\/#website\"},\"datePublished\":\"2026-02-04T07:37:22+00:00\",\"dateModified\":\"2026-02-04T12:24:16+00:00\",\"description\":\"Accede a tu cuenta Spinmacho r\u00e1pido y seguro en minutos. Sigue pasos de inicio de sesi\u00f3n, gestiona tu perfil, recupera la contrase\u00f1a y completa KYC para retiros.\",\"breadcrumb\":{\"@id\":\"https:\\\/\\\/spin-macho.com\\\/es\\\/inicio-de-sesion-y-registro\\\/#breadcrumb\"},\"inLanguage\":\"es\",\"potentialAction\":[{\"@type\":\"ReadAction\",\"target\":[\"https:\\\/\\\/spin-macho.com\\\/es\\\/inicio-de-sesion-y-registro\\\/\"]}]},{\"@type\":\"BreadcrumbList\",\"@id\":\"https:\\\/\\\/spin-macho.com\\\/es\\\/inicio-de-sesion-y-registro\\\/#breadcrumb\",\"itemListElement\":[{\"@type\":\"ListItem\",\"position\":1,\"name\":\"Spinmacho\",\"item\":\"https:\\\/\\\/spin-macho.com\\\/es\\\/\"},{\"@type\":\"ListItem\",\"position\":2,\"name\":\"Inicio de sesi\u00f3n y Registro\"}]},{\"@type\":\"WebSite\",\"@id\":\"https:\\\/\\\/spin-macho.com\\\/es\\\/#website\",\"url\":\"https:\\\/\\\/spin-macho.com\\\/es\\\/\",\"name\":\"Spinmacho\",\"description\":\"\",\"publisher\":{\"@id\":\"https:\\\/\\\/spin-macho.com\\\/es\\\/#organization\"},\"potentialAction\":[{\"@type\":\"SearchAction\",\"target\":{\"@type\":\"EntryPoint\",\"urlTemplate\":\"https:\\\/\\\/spin-macho.com\\\/es\\\/?s={search_term_string}\"},\"query-input\":{\"@type\":\"PropertyValueSpecification\",\"valueRequired\":true,\"valueName\":\"search_term_string\"}}],\"inLanguage\":\"es\"},{\"@type\":\"Organization\",\"@id\":\"https:\\\/\\\/spin-macho.com\\\/es\\\/#organization\",\"name\":\"Spinmacho\",\"url\":\"https:\\\/\\\/spin-macho.com\\\/es\\\/\",\"logo\":{\"@type\":\"ImageObject\",\"inLanguage\":\"es\",\"@id\":\"https:\\\/\\\/spin-macho.com\\\/es\\\/#\\\/schema\\\/logo\\\/image\\\/\",\"url\":\"https:\\\/\\\/spin-macho.com\\\/wp-content\\\/uploads\\\/2026\\\/02\\\/Spinmacho-logo-Desktop.png\",\"contentUrl\":\"https:\\\/\\\/spin-macho.com\\\/wp-content\\\/uploads\\\/2026\\\/02\\\/Spinmacho-logo-Desktop.png\",\"width\":115,\"height\":28,\"caption\":\"Spinmacho\"},\"image\":{\"@id\":\"https:\\\/\\\/spin-macho.com\\\/es\\\/#\\\/schema\\\/logo\\\/image\\\/\"}}]}<\/script>\n<!-- \/ Yoast SEO plugin. -->","yoast_head_json":{"title":"Spinmacho Login: entrar, registrarse y verificar la cuenta","description":"Accede a tu cuenta Spinmacho r\u00e1pido y seguro en minutos. Sigue pasos de inicio de sesi\u00f3n, gestiona tu perfil, recupera la contrase\u00f1a y completa KYC para retiros.","robots":{"index":"index","follow":"follow","max-snippet":"max-snippet:-1","max-image-preview":"max-image-preview:large","max-video-preview":"max-video-preview:-1"},"canonical":"https:\/\/spin-macho.com\/es\/inicio-de-sesion-y-registro\/","og_locale":"es_ES","og_type":"article","og_title":"Spinmacho Login: entrar, registrarse y verificar la cuenta","og_description":"Accede a tu cuenta Spinmacho r\u00e1pido y seguro en minutos. Sigue pasos de inicio de sesi\u00f3n, gestiona tu perfil, recupera la contrase\u00f1a y completa KYC para retiros.","og_url":"https:\/\/spin-macho.com\/es\/inicio-de-sesion-y-registro\/","og_site_name":"spinmacho","article_modified_time":"2026-02-04T12:24:16+00:00","twitter_card":"summary_large_image","twitter_misc":{"Est. reading time":"1 minuto"},"schema":{"@context":"https:\/\/schema.org","@graph":[{"@type":"WebPage","@id":"https:\/\/spin-macho.com\/es\/inicio-de-sesion-y-registro\/","url":"https:\/\/spin-macho.com\/es\/inicio-de-sesion-y-registro\/","name":"Spinmacho Login: entrar, registrarse y verificar la cuenta","isPartOf":{"@id":"https:\/\/spin-macho.com\/es\/#website"},"datePublished":"2026-02-04T07:37:22+00:00","dateModified":"2026-02-04T12:24:16+00:00","description":"Accede a tu cuenta Spinmacho r\u00e1pido y seguro en minutos. Sigue pasos de inicio de sesi\u00f3n, gestiona tu perfil, recupera la contrase\u00f1a y completa KYC para retiros.","breadcrumb":{"@id":"https:\/\/spin-macho.com\/es\/inicio-de-sesion-y-registro\/#breadcrumb"},"inLanguage":"es","potentialAction":[{"@type":"ReadAction","target":["https:\/\/spin-macho.com\/es\/inicio-de-sesion-y-registro\/"]}]},{"@type":"BreadcrumbList","@id":"https:\/\/spin-macho.com\/es\/inicio-de-sesion-y-registro\/#breadcrumb","itemListElement":[{"@type":"ListItem","position":1,"name":"Spinmacho","item":"https:\/\/spin-macho.com\/es\/"},{"@type":"ListItem","position":2,"name":"Inicio de sesi\u00f3n y Registro"}]},{"@type":"WebSite","@id":"https:\/\/spin-macho.com\/es\/#website","url":"https:\/\/spin-macho.com\/es\/","name":"Spinmacho","description":"","publisher":{"@id":"https:\/\/spin-macho.com\/es\/#organization"},"potentialAction":[{"@type":"SearchAction","target":{"@type":"EntryPoint","urlTemplate":"https:\/\/spin-macho.com\/es\/?s={search_term_string}"},"query-input":{"@type":"PropertyValueSpecification","valueRequired":true,"valueName":"search_term_string"}}],"inLanguage":"es"},{"@type":"Organization","@id":"https:\/\/spin-macho.com\/es\/#organization","name":"Spinmacho","url":"https:\/\/spin-macho.com\/es\/","logo":{"@type":"ImageObject","inLanguage":"es","@id":"https:\/\/spin-macho.com\/es\/#\/schema\/logo\/image\/","url":"https:\/\/spin-macho.com\/wp-content\/uploads\/2026\/02\/Spinmacho-logo-Desktop.png","contentUrl":"https:\/\/spin-macho.com\/wp-content\/uploads\/2026\/02\/Spinmacho-logo-Desktop.png","width":115,"height":28,"caption":"Spinmacho"},"image":{"@id":"https:\/\/spin-macho.com\/es\/#\/schema\/logo\/image\/"}}]}},"_links":{"self":[{"href":"https:\/\/spin-macho.com\/es\/wp-json\/wp\/v2\/pages\/1652","targetHints":{"allow":["GET"]}}],"collection":[{"href":"https:\/\/spin-macho.com\/es\/wp-json\/wp\/v2\/pages"}],"about":[{"href":"https:\/\/spin-macho.com\/es\/wp-json\/wp\/v2\/types\/page"}],"author":[{"embeddable":true,"href":"https:\/\/spin-macho.com\/es\/wp-json\/wp\/v2\/users\/1"}],"replies":[{"embeddable":true,"href":"https:\/\/spin-macho.com\/es\/wp-json\/wp\/v2\/comments?post=1652"}],"version-history":[{"count":1,"href":"https:\/\/spin-macho.com\/es\/wp-json\/wp\/v2\/pages\/1652\/revisions"}],"predecessor-version":[{"id":2110,"href":"https:\/\/spin-macho.com\/es\/wp-json\/wp\/v2\/pages\/1652\/revisions\/2110"}],"wp:attachment":[{"href":"https:\/\/spin-macho.com\/es\/wp-json\/wp\/v2\/media?parent=1652"}],"curies":[{"name":"wp","href":"https:\/\/api.w.org\/{rel}","templated":true}]}}