{"id":1646,"date":"2026-02-04T07:37:22","date_gmt":"2026-02-04T07:37:22","guid":{"rendered":"https:\/\/spin-macho.com\/login-and-registration\/"},"modified":"2026-02-04T09:10:07","modified_gmt":"2026-02-04T09:10:07","slug":"connexion-et-inscription","status":"publish","type":"page","link":"https:\/\/spin-macho.com\/fr\/connexion-et-inscription\/","title":{"rendered":"Connexion et inscription"},"content":{"rendered":"<h1>Connexion \u00e0 Spinmacho<\/h1>\n<p>Nous veillons \u00e0 ce que le processus de connexion \u00e0 Spinmacho soit clair et s\u00e9curis\u00e9 afin que vous puissiez acc\u00e9der rapidement \u00e0 votre compte personnel \u00e0 tout moment. Une fois connect\u00e9(e), vous pouvez poursuivre votre exp\u00e9rience de jeu dans un environnement stable, avec tous les outils essentiels de votre compte disponibles au m\u00eame endroit.<\/p>\n<p><div class=\"banner-wrap\" aria-label=\"Banner\"><img src=\"https:\/\/spin-macho.com\/wp-content\/uploads\/2026\/02\/Spinmacho-Banner-Desktop.webp\" class=\"w-100 d-none d-lg-block img-pc main-banner-img\" alt=\"Spinmacho Banner Desktop\" fetchpriority=\"high\" decoding=\"async\"><img src=\"https:\/\/spin-macho.com\/wp-content\/uploads\/2026\/02\/Spinmacho-banner-mobile.webp\" class=\"w-100 d-none d-md-block d-lg-none main-banner-img\" alt=\"Spinmacho banner mobile\" fetchpriority=\"high\" decoding=\"async\"><img src=\"https:\/\/spin-macho.com\/wp-content\/uploads\/2026\/02\/Spinmacho-banner-mobile.webp\" class=\"w-100 d-md-none\" alt=\"Spinmacho banner mobile\" fetchpriority=\"high\" decoding=\"async\"><div class=\"banner-description\">\n<div class=\"banner-title\">Bonus de bienvenue<\/div>\n<p class=\"banner-header-title\">\u20ac1500<\/p>\n<div class=\"banner-header-AdditionalText\">+ 250 Tours gratuits<\/div>\n<button data-item=\"homepage_banner_link\" class=\"goto m-button m-gradient-border m-button--primary m-button--large banner-button btn-orange\">\n            <div class=\"m-button-content\">\n                <span>Inscrivez-vous d\u00e8s maintenant<\/span>\n                <span><\/span>\n            <\/div>\n        <\/button>\n<\/div>\n<div class=\"WelcomePack\">\n<p><img loading=\"lazy\" decoding=\"async\" class=\"alignnone size-full wp-image-1530\" src=\"https:\/\/spin-macho.com\/wp-content\/uploads\/2026\/02\/welcome-crown.png\" alt=\"welcome crown\" width=\"25\" height=\"26\" \/><\/p>\n<div class=\"WelcomePack-Info\">Cashback hebdomadaire jusqu&rsquo;\u00e0 25 %<\/div>\n<p><img loading=\"lazy\" decoding=\"async\" class=\"alignnone size-full wp-image-1530\" src=\"https:\/\/spin-macho.com\/wp-content\/uploads\/2026\/02\/welcome-crown.png\" alt=\"welcome crown\" width=\"25\" height=\"26\" \/><\/p>\n<\/div>\n<\/div><div class=\"scrollable-content-wrap my-5\"><div class=\"scrollable-content-inner\"><h2>Inscription \u00e0 Spinmacho<\/h2>\n<p>Lorsque vous vous inscrivez sur Spin Macho, vous cr\u00e9ez un compte personnel qui vous permet d\u2019utiliser la connexion Spinmacho et de jouer dans un environnement s\u00e9curis\u00e9. Apr\u00e8s l\u2019inscription, vous obtenez un acc\u00e8s complet aux jeux en argent r\u00e9el ainsi qu\u2019aux principales fonctions de compte sur notre plateforme.<\/p>\n<p>Pour cr\u00e9er un nouveau compte, suivez ces \u00e9tapes :<\/p>\n<ol>\n<li>Sur notre site, cliquez sur le bouton S\u2019inscrire.<\/li>\n<li>Saisissez une adresse e-mail valide et cr\u00e9ez un mot de passe robuste pour vos futures connexions.<\/li>\n<li>Confirmez que vous avez l\u2019\u00e2ge l\u00e9gal et acceptez les Conditions g\u00e9n\u00e9rales ainsi que la Politique de confidentialit\u00e9.<\/li>\n<li>Envoyez le formulaire et, si n\u00e9cessaire, confirmez votre adresse e-mail en suivant le lien envoy\u00e9 dans votre bo\u00eete de r\u00e9ception.<\/li>\n<\/ol>\n<p>Une fois votre compte cr\u00e9\u00e9, vous pouvez acc\u00e9der \u00e0 votre espace profil et g\u00e9rer votre activit\u00e9 sur Spinmacho de mani\u00e8re pratique.<\/p>\n<h2>Connexion \u00e0 Spinmacho et gestion du compte<\/h2>\n<p>Nous avons con\u00e7u le processus de connexion \u00e0 Spinmacho pour qu\u2019il soit rapide et clair, afin que vous puissiez retourner \u00e0 vos jeux et \u00e0 votre espace compte sans confusion. Une fois connect\u00e9(e), vous acc\u00e9dez directement \u00e0 votre tableau de bord personnel, o\u00f9 vous contr\u00f4lez votre activit\u00e9 et vos param\u00e8tres sur notre plateforme.<\/p>\n<p>Pour vous connecter \u00e0 votre compte, suivez ces \u00e9tapes :<\/p>\n<ol>\n<li>Ouvrez notre site et cliquez sur le bouton Se connecter.<\/li>\n<li>Saisissez l\u2019adresse e-mail utilis\u00e9e lors de l\u2019inscription et votre mot de passe.<\/li>\n<li>Cliquez sur Se connecter pour acc\u00e9der \u00e0 votre espace compte personnel.<\/li>\n<\/ol>\n<p>Dans votre compte, vous pouvez consulter votre solde actuel et votre activit\u00e9 r\u00e9cente de mani\u00e8re structur\u00e9e. Vous pouvez mettre \u00e0 jour vos informations personnelles, modifier vos param\u00e8tres de s\u00e9curit\u00e9 et ajuster vos pr\u00e9f\u00e9rences de communication selon vos besoins. Votre tableau de bord vous aide \u00e9galement \u00e0 suivre votre activit\u00e9 de jeu et \u00e0 mieux garder le contr\u00f4le sur votre exp\u00e9rience chez Spin Macho.<\/p>\n<h3>Mot de passe oubli\u00e9 ?<\/h3>\n<p>Si vous oubliez votre mot de passe, vous pouvez r\u00e9tablir l\u2019acc\u00e8s \u00e0 votre compte Spin Macho via l\u2019option de r\u00e9cup\u00e9ration standard sur notre site. Sur la page de connexion, s\u00e9lectionnez le lien de r\u00e9cup\u00e9ration du mot de passe et saisissez l\u2019adresse e-mail que vous avez utilis\u00e9e pour votre connexion Spinmacho. Nous vous enverrons des instructions avec un lien s\u00e9curis\u00e9 et, apr\u00e8s l\u2019avoir suivi, vous pourrez d\u00e9finir un nouveau mot de passe pour votre compte.<\/p>\n<h2>V\u00e9rification au casino Spinmacho<\/h2>\n<p>Chez Spinmacho, nous demandons aux joueurs de proc\u00e9der \u00e0 une v\u00e9rification afin de prot\u00e9ger les comptes, de respecter les r\u00e8gles locales et de s\u00e9curiser les paiements. Cette \u00e9tape est g\u00e9n\u00e9ralement n\u00e9cessaire avant les retraits ou lorsque vous utilisez un nouveau moyen de paiement.<\/p>\n<p>Vous pouvez v\u00e9rifier votre compte avec des documents tels que :<\/p>\n<ul>\n<li>Passeport, carte d\u2019identit\u00e9 ou permis de conduire<\/li>\n<li>Facture de services r\u00e9cente ou relev\u00e9 bancaire indiquant votre adresse<\/li>\n<li>Justificatif du moyen de paiement, par exemple une photo de votre carte bancaire avec les chiffres du milieu masqu\u00e9s<\/li>\n<\/ul>\n<p>Vous t\u00e9l\u00e9versez ces fichiers dans votre espace compte et, une fois que nous les approuvons, les paiements et les autres op\u00e9rations financi\u00e8res deviennent g\u00e9n\u00e9ralement plus fluides.<\/p>\n<h2>FAQ<\/h2>\n<h3>Comment puis-je v\u00e9rifier mon compte ?<\/h3>\n<p>Pour v\u00e9rifier votre compte, connectez-vous et rendez-vous dans la section de votre profil o\u00f9 nous affichons la page de v\u00e9rification. Vous pouvez y t\u00e9l\u00e9verser des photos ou des scans des documents que nous demandons, comme une pi\u00e8ce d\u2019identit\u00e9 et, si n\u00e9cessaire, un justificatif de domicile. Par exemple, vous pouvez prendre une photo nette de votre passeport et d\u2019une facture r\u00e9cente indiquant votre nom. Apr\u00e8s l\u2019envoi des fichiers, notre \u00e9quipe les v\u00e9rifie et met \u00e0 jour le statut de votre compte.<\/p>\n<h3>Puis-je modifier mon mot de passe ou mon adresse e-mail ?<\/h3>\n<p>Vous pouvez changer votre mot de passe dans les param\u00e8tres de s\u00e9curit\u00e9 apr\u00e8s vous \u00eatre connect\u00e9(e). Pour modifier votre adresse e-mail, contactez notre \u00e9quipe d\u2019assistance afin que nous puissions confirmer que vous \u00eates bien le titulaire du compte, puis mettre \u00e0 jour vos informations en toute s\u00e9curit\u00e9. Cela nous aide \u00e0 prot\u00e9ger votre connexion Spinmacho et vos donn\u00e9es personnelles.<\/p>\n<h3>Que dois-je faire si mon compte est verrouill\u00e9 ?<\/h3>\n<p>Si votre compte est verrouill\u00e9, consultez d\u2019abord votre messagerie, y compris le dossier spam, pour v\u00e9rifier si nous vous avons d\u00e9j\u00e0 envoy\u00e9 un message indiquant la raison. Parfois, nous verrouillons des comptes pour des raisons de s\u00e9curit\u00e9, par exemple apr\u00e8s de nombreuses tentatives de mot de passe incorrectes d\u2019affil\u00e9e. Si vous ne trouvez aucune information, contactez notre \u00e9quipe d\u2019assistance via le chat ou le formulaire d\u2019aide sur le site.<\/p>\n<h3>Comment fermer mon compte ou le suspendre temporairement ?<\/h3>\n<p>Si vous souhaitez faire une pause, vous pouvez nous demander de limiter l\u2019acc\u00e8s \u00e0 votre compte pendant une p\u00e9riode d\u00e9termin\u00e9e. Par exemple, vous pouvez d\u00e9cider de vous arr\u00eater une semaine ou un mois, puis revenir plus tard. Si vous \u00eates certain(e) de ne plus vouloir utiliser nos services, vous pouvez plut\u00f4t demander une fermeture compl\u00e8te.<\/p>\n<\/div><\/div><\/p>\n","protected":false},"excerpt":{"rendered":"<p>Connexion \u00e0 Spinmacho Nous veillons \u00e0 ce que le processus de connexion \u00e0 Spinmacho soit clair et s\u00e9curis\u00e9 afin que vous puissiez acc\u00e9der rapidement \u00e0 votre compte personnel \u00e0 tout moment. Une fois connect\u00e9(e), vous pouvez poursuivre votre exp\u00e9rience de jeu dans un environnement stable, avec tous les outils essentiels de votre compte disponibles au [&hellip;]<\/p>\n","protected":false},"author":1,"featured_media":0,"parent":0,"menu_order":0,"comment_status":"closed","ping_status":"closed","template":"template-builder.php","meta":{"_acf_changed":false,"inline_featured_image":false,"footnotes":""},"class_list":["post-1646","page","type-page","status-publish","hentry"],"acf":[],"yoast_head":"<!-- This site is optimized with the Yoast SEO plugin v27.3 - https:\/\/yoast.com\/product\/yoast-seo-wordpress\/ -->\n<title>Spinmacho : connexion, inscription et v\u00e9rification du compte<\/title>\n<meta name=\"description\" content=\"Acc\u00e9dez vite et en s\u00e9curit\u00e9 \u00e0 votre compte Spinmacho. \u00c9tapes de connexion simples, gestion du profil, r\u00e9initialisation du mot de passe et KYC pour vos retraits.\" \/>\n<meta name=\"robots\" content=\"index, follow, max-snippet:-1, max-image-preview:large, max-video-preview:-1\" \/>\n<link rel=\"canonical\" href=\"https:\/\/spin-macho.com\/fr\/connexion-et-inscription\/\" \/>\n<meta property=\"og:locale\" content=\"fr_FR\" \/>\n<meta property=\"og:type\" content=\"article\" \/>\n<meta property=\"og:title\" content=\"Spinmacho : connexion, inscription et v\u00e9rification du compte\" \/>\n<meta property=\"og:description\" content=\"Acc\u00e9dez vite et en s\u00e9curit\u00e9 \u00e0 votre compte Spinmacho. \u00c9tapes de connexion simples, gestion du profil, r\u00e9initialisation du mot de passe et KYC pour vos retraits.\" \/>\n<meta property=\"og:url\" content=\"https:\/\/spin-macho.com\/fr\/connexion-et-inscription\/\" \/>\n<meta property=\"og:site_name\" content=\"spinmacho\" \/>\n<meta property=\"article:modified_time\" content=\"2026-02-04T09:10:07+00:00\" \/>\n<meta name=\"twitter:card\" content=\"summary_large_image\" \/>\n<meta name=\"twitter:label1\" content=\"Dur\u00e9e de lecture estim\u00e9e\" \/>\n\t<meta name=\"twitter:data1\" content=\"1 minute\" \/>\n<script type=\"application\/ld+json\" class=\"yoast-schema-graph\">{\"@context\":\"https:\\\/\\\/schema.org\",\"@graph\":[{\"@type\":\"WebPage\",\"@id\":\"https:\\\/\\\/spin-macho.com\\\/fr\\\/connexion-et-inscription\\\/\",\"url\":\"https:\\\/\\\/spin-macho.com\\\/fr\\\/connexion-et-inscription\\\/\",\"name\":\"Spinmacho : connexion, inscription et v\u00e9rification du compte\",\"isPartOf\":{\"@id\":\"https:\\\/\\\/spin-macho.com\\\/fr\\\/#website\"},\"datePublished\":\"2026-02-04T07:37:22+00:00\",\"dateModified\":\"2026-02-04T09:10:07+00:00\",\"description\":\"Acc\u00e9dez vite et en s\u00e9curit\u00e9 \u00e0 votre compte Spinmacho. \u00c9tapes de connexion simples, gestion du profil, r\u00e9initialisation du mot de passe et KYC pour vos retraits.\",\"breadcrumb\":{\"@id\":\"https:\\\/\\\/spin-macho.com\\\/fr\\\/connexion-et-inscription\\\/#breadcrumb\"},\"inLanguage\":\"fr-FR\",\"potentialAction\":[{\"@type\":\"ReadAction\",\"target\":[\"https:\\\/\\\/spin-macho.com\\\/fr\\\/connexion-et-inscription\\\/\"]}]},{\"@type\":\"BreadcrumbList\",\"@id\":\"https:\\\/\\\/spin-macho.com\\\/fr\\\/connexion-et-inscription\\\/#breadcrumb\",\"itemListElement\":[{\"@type\":\"ListItem\",\"position\":1,\"name\":\"Spinmacho\",\"item\":\"https:\\\/\\\/spin-macho.com\\\/fr\\\/\"},{\"@type\":\"ListItem\",\"position\":2,\"name\":\"Connexion et inscription\"}]},{\"@type\":\"WebSite\",\"@id\":\"https:\\\/\\\/spin-macho.com\\\/fr\\\/#website\",\"url\":\"https:\\\/\\\/spin-macho.com\\\/fr\\\/\",\"name\":\"Spinmacho\",\"description\":\"\",\"publisher\":{\"@id\":\"https:\\\/\\\/spin-macho.com\\\/fr\\\/#organization\"},\"potentialAction\":[{\"@type\":\"SearchAction\",\"target\":{\"@type\":\"EntryPoint\",\"urlTemplate\":\"https:\\\/\\\/spin-macho.com\\\/fr\\\/?s={search_term_string}\"},\"query-input\":{\"@type\":\"PropertyValueSpecification\",\"valueRequired\":true,\"valueName\":\"search_term_string\"}}],\"inLanguage\":\"fr-FR\"},{\"@type\":\"Organization\",\"@id\":\"https:\\\/\\\/spin-macho.com\\\/fr\\\/#organization\",\"name\":\"Spinmacho\",\"url\":\"https:\\\/\\\/spin-macho.com\\\/fr\\\/\",\"logo\":{\"@type\":\"ImageObject\",\"inLanguage\":\"fr-FR\",\"@id\":\"https:\\\/\\\/spin-macho.com\\\/fr\\\/#\\\/schema\\\/logo\\\/image\\\/\",\"url\":\"https:\\\/\\\/spin-macho.com\\\/wp-content\\\/uploads\\\/2026\\\/02\\\/Spinmacho-logo-Desktop.png\",\"contentUrl\":\"https:\\\/\\\/spin-macho.com\\\/wp-content\\\/uploads\\\/2026\\\/02\\\/Spinmacho-logo-Desktop.png\",\"width\":115,\"height\":28,\"caption\":\"Spinmacho\"},\"image\":{\"@id\":\"https:\\\/\\\/spin-macho.com\\\/fr\\\/#\\\/schema\\\/logo\\\/image\\\/\"}}]}<\/script>\n<!-- \/ Yoast SEO plugin. -->","yoast_head_json":{"title":"Spinmacho : connexion, inscription et v\u00e9rification du compte","description":"Acc\u00e9dez vite et en s\u00e9curit\u00e9 \u00e0 votre compte Spinmacho. \u00c9tapes de connexion simples, gestion du profil, r\u00e9initialisation du mot de passe et KYC pour vos retraits.","robots":{"index":"index","follow":"follow","max-snippet":"max-snippet:-1","max-image-preview":"max-image-preview:large","max-video-preview":"max-video-preview:-1"},"canonical":"https:\/\/spin-macho.com\/fr\/connexion-et-inscription\/","og_locale":"fr_FR","og_type":"article","og_title":"Spinmacho : connexion, inscription et v\u00e9rification du compte","og_description":"Acc\u00e9dez vite et en s\u00e9curit\u00e9 \u00e0 votre compte Spinmacho. \u00c9tapes de connexion simples, gestion du profil, r\u00e9initialisation du mot de passe et KYC pour vos retraits.","og_url":"https:\/\/spin-macho.com\/fr\/connexion-et-inscription\/","og_site_name":"spinmacho","article_modified_time":"2026-02-04T09:10:07+00:00","twitter_card":"summary_large_image","twitter_misc":{"Dur\u00e9e de lecture estim\u00e9e":"1 minute"},"schema":{"@context":"https:\/\/schema.org","@graph":[{"@type":"WebPage","@id":"https:\/\/spin-macho.com\/fr\/connexion-et-inscription\/","url":"https:\/\/spin-macho.com\/fr\/connexion-et-inscription\/","name":"Spinmacho : connexion, inscription et v\u00e9rification du compte","isPartOf":{"@id":"https:\/\/spin-macho.com\/fr\/#website"},"datePublished":"2026-02-04T07:37:22+00:00","dateModified":"2026-02-04T09:10:07+00:00","description":"Acc\u00e9dez vite et en s\u00e9curit\u00e9 \u00e0 votre compte Spinmacho. \u00c9tapes de connexion simples, gestion du profil, r\u00e9initialisation du mot de passe et KYC pour vos retraits.","breadcrumb":{"@id":"https:\/\/spin-macho.com\/fr\/connexion-et-inscription\/#breadcrumb"},"inLanguage":"fr-FR","potentialAction":[{"@type":"ReadAction","target":["https:\/\/spin-macho.com\/fr\/connexion-et-inscription\/"]}]},{"@type":"BreadcrumbList","@id":"https:\/\/spin-macho.com\/fr\/connexion-et-inscription\/#breadcrumb","itemListElement":[{"@type":"ListItem","position":1,"name":"Spinmacho","item":"https:\/\/spin-macho.com\/fr\/"},{"@type":"ListItem","position":2,"name":"Connexion et inscription"}]},{"@type":"WebSite","@id":"https:\/\/spin-macho.com\/fr\/#website","url":"https:\/\/spin-macho.com\/fr\/","name":"Spinmacho","description":"","publisher":{"@id":"https:\/\/spin-macho.com\/fr\/#organization"},"potentialAction":[{"@type":"SearchAction","target":{"@type":"EntryPoint","urlTemplate":"https:\/\/spin-macho.com\/fr\/?s={search_term_string}"},"query-input":{"@type":"PropertyValueSpecification","valueRequired":true,"valueName":"search_term_string"}}],"inLanguage":"fr-FR"},{"@type":"Organization","@id":"https:\/\/spin-macho.com\/fr\/#organization","name":"Spinmacho","url":"https:\/\/spin-macho.com\/fr\/","logo":{"@type":"ImageObject","inLanguage":"fr-FR","@id":"https:\/\/spin-macho.com\/fr\/#\/schema\/logo\/image\/","url":"https:\/\/spin-macho.com\/wp-content\/uploads\/2026\/02\/Spinmacho-logo-Desktop.png","contentUrl":"https:\/\/spin-macho.com\/wp-content\/uploads\/2026\/02\/Spinmacho-logo-Desktop.png","width":115,"height":28,"caption":"Spinmacho"},"image":{"@id":"https:\/\/spin-macho.com\/fr\/#\/schema\/logo\/image\/"}}]}},"_links":{"self":[{"href":"https:\/\/spin-macho.com\/fr\/wp-json\/wp\/v2\/pages\/1646","targetHints":{"allow":["GET"]}}],"collection":[{"href":"https:\/\/spin-macho.com\/fr\/wp-json\/wp\/v2\/pages"}],"about":[{"href":"https:\/\/spin-macho.com\/fr\/wp-json\/wp\/v2\/types\/page"}],"author":[{"embeddable":true,"href":"https:\/\/spin-macho.com\/fr\/wp-json\/wp\/v2\/users\/1"}],"replies":[{"embeddable":true,"href":"https:\/\/spin-macho.com\/fr\/wp-json\/wp\/v2\/comments?post=1646"}],"version-history":[{"count":2,"href":"https:\/\/spin-macho.com\/fr\/wp-json\/wp\/v2\/pages\/1646\/revisions"}],"predecessor-version":[{"id":1717,"href":"https:\/\/spin-macho.com\/fr\/wp-json\/wp\/v2\/pages\/1646\/revisions\/1717"}],"wp:attachment":[{"href":"https:\/\/spin-macho.com\/fr\/wp-json\/wp\/v2\/media?parent=1646"}],"curies":[{"name":"wp","href":"https:\/\/api.w.org\/{rel}","templated":true}]}}