{"id":1650,"date":"2026-02-04T07:37:22","date_gmt":"2026-02-04T07:37:22","guid":{"rendered":"https:\/\/spin-macho.com\/login-and-registration\/"},"modified":"2026-02-04T11:45:52","modified_gmt":"2026-02-04T11:45:52","slug":"logowanie-i-rejestracja","status":"publish","type":"page","link":"https:\/\/spin-macho.com\/pl\/logowanie-i-rejestracja\/","title":{"rendered":"Logowanie i rejestracja"},"content":{"rendered":"<h1>Logowanie do Spinmacho<\/h1>\n<p>Dbamy o to, aby proces logowania do Spinmacho by\u0142 przejrzysty i bezpieczny, dzi\u0119ki czemu mo\u017cemy szybko uzyska\u0107 dost\u0119p do naszego konta osobistego o ka\u017cdej porze. Po zalogowaniu mo\u017cemy kontynuowa\u0107 rozgrywk\u0119 w stabilnym \u015brodowisku, maj\u0105c wszystkie kluczowe narz\u0119dzia konta dost\u0119pne w jednym miejscu.<\/p>\n<p><div class=\"banner-wrap\" aria-label=\"Banner\"><img src=\"https:\/\/spin-macho.com\/wp-content\/uploads\/2026\/02\/Spinmacho-Banner-Desktop.webp\" class=\"w-100 d-none d-lg-block img-pc main-banner-img\" alt=\"Spinmacho Banner Desktop\" fetchpriority=\"high\" decoding=\"async\"><img src=\"https:\/\/spin-macho.com\/wp-content\/uploads\/2026\/02\/Spinmacho-banner-mobile.webp\" class=\"w-100 d-none d-md-block d-lg-none main-banner-img\" alt=\"Spinmacho banner mobile\" fetchpriority=\"high\" decoding=\"async\"><img src=\"https:\/\/spin-macho.com\/wp-content\/uploads\/2026\/02\/Spinmacho-banner-mobile.webp\" class=\"w-100 d-md-none\" alt=\"Spinmacho banner mobile\" fetchpriority=\"high\" decoding=\"async\"><div class=\"banner-description\">\n<div class=\"banner-title\">Bonusy powitalne<\/div>\n<p class=\"banner-header-title\">\u20ac1500<\/p>\n<div class=\"banner-header-AdditionalText\">+ 250 Darmowe spiny<\/div>\n<button data-item=\"homepage_banner_link\" class=\"goto m-button m-gradient-border m-button--primary m-button--large banner-button btn-orange\">\n            <div class=\"m-button-content\">\n                <span>Zarejestruj si\u0119 teraz<\/span>\n                <span><\/span>\n            <\/div>\n        <\/button>\n<\/div>\n<div class=\"WelcomePack\">\n<p><img loading=\"lazy\" decoding=\"async\" class=\"alignnone size-full wp-image-1530\" src=\"https:\/\/spin-macho.com\/wp-content\/uploads\/2026\/02\/welcome-crown.png\" alt=\"welcome crown\" width=\"25\" height=\"26\" \/><\/p>\n<div class=\"WelcomePack-Info\">Cotygodniowy zwrot got\u00f3wki do 25%<\/div>\n<p><img loading=\"lazy\" decoding=\"async\" class=\"alignnone size-full wp-image-1530\" src=\"https:\/\/spin-macho.com\/wp-content\/uploads\/2026\/02\/welcome-crown.png\" alt=\"welcome crown\" width=\"25\" height=\"26\" \/><\/p>\n<\/div>\n<\/div><div class=\"scrollable-content-wrap my-5\"><div class=\"scrollable-content-inner\"><h2>Rejestracja w Spinmacho<\/h2>\n<p>Rejestruj\u0105c si\u0119 w Spin Macho, tworzymy konto osobiste, kt\u00f3re pozwala nam korzysta\u0107 z logowania do Spinmacho i gra\u0107 w bezpiecznym \u015brodowisku. Po rejestracji otrzymujemy pe\u0142ny dost\u0119p do gry na prawdziwe pieni\u0105dze oraz g\u0142\u00f3wnych funkcji konta na naszej platformie.<\/p>\n<p>Aby zarejestrowa\u0107 nowe konto, wykonajmy nast\u0119puj\u0105ce kroki:<\/p>\n<ol>\n<li>Na naszej stronie klikamy przycisk Zarejestruj si\u0119.<\/li>\n<li>Wpisujemy prawid\u0142owy adres e-mail i tworzymy silne has\u0142o do przysz\u0142ych logowa\u0144.<\/li>\n<li>Potwierdzamy, \u017ce mamy wymagany prawnie wiek, oraz akceptujemy Regulamin i Polityk\u0119 prywatno\u015bci.<\/li>\n<li>Wysy\u0142amy formularz i \u2014 je\u015bli jest to wymagane \u2014 potwierdzamy adres e-mail, klikaj\u0105c link wys\u0142any na nasz\u0105 skrzynk\u0119 odbiorcz\u0105.<\/li>\n<\/ol>\n<p>Gdy nasze konto zostanie utworzone, mo\u017cemy przej\u015b\u0107 do obszaru profilu i wygodnie zarz\u0105dza\u0107 nasz\u0105 aktywno\u015bci\u0105 w Spinmacho.<\/p>\n<h2>Logowanie do Spinmacho i zarz\u0105dzanie kontem<\/h2>\n<p>Zaprojektowali\u015bmy proces logowania do Spinmacho tak, aby by\u0142 szybki i przejrzysty, dzi\u0119ki czemu mo\u017cemy wr\u00f3ci\u0107 do naszych gier i strefy konta bez niepotrzebnych w\u0105tpliwo\u015bci. Po zalogowaniu otrzymujemy bezpo\u015bredni dost\u0119p do naszego osobistego panelu, w kt\u00f3rym kontrolujemy aktywno\u015b\u0107 i ustawienia na naszej platformie.<\/p>\n<p>Aby zalogowa\u0107 si\u0119 na konto, wykonajmy nast\u0119puj\u0105ce kroki:<\/p>\n<ol>\n<li>Otwieramy nasz\u0105 stron\u0119 i klikamy przycisk Zaloguj si\u0119.<\/li>\n<li>Wpisujemy adres e-mail u\u017cyty podczas rejestracji oraz has\u0142o.<\/li>\n<li>Klikamy Zaloguj si\u0119, aby przej\u015b\u0107 do naszej strefy konta.<\/li>\n<\/ol>\n<p>Na naszym koncie mo\u017cemy w uporz\u0105dkowany spos\u00f3b sprawdzi\u0107 aktualne saldo i ostatni\u0105 aktywno\u015b\u0107. Mo\u017cemy zaktualizowa\u0107 dane osobowe, zmieni\u0107 ustawienia bezpiecze\u0144stwa oraz dopasowa\u0107 preferencje komunikacji do naszych potrzeb. Nasz panel pomaga nam tak\u017ce \u015bledzi\u0107 aktywno\u015b\u0107 w grach i zachowa\u0107 lepsz\u0105 kontrol\u0119 nad naszym do\u015bwiadczeniem w Spin Macho.<\/p>\n<h3>Nie pami\u0119tamy has\u0142a?<\/h3>\n<p>Je\u015bli zapomnimy has\u0142a, mo\u017cemy przywr\u00f3ci\u0107 dost\u0119p do naszego konta Spin Macho za pomoc\u0105 standardowej opcji odzyskiwania na naszej stronie. Na stronie logowania wybieramy link do odzyskiwania has\u0142a i podajemy adres e-mail, kt\u00f3rego u\u017cyli\u015bmy do logowania do Spinmacho. Wy\u015blemy instrukcje z bezpiecznym linkiem, a po jego u\u017cyciu b\u0119dziemy mogli ustawi\u0107 nowe has\u0142o do naszego konta.<\/p>\n<h2>Weryfikacja w kasynie Spinmacho<\/h2>\n<p>W Spinmacho prosimy graczy o przej\u015bcie weryfikacji, aby\u015bmy mogli chroni\u0107 konta, przestrzega\u0107 lokalnych przepis\u00f3w i zapewni\u0107 bezpiecze\u0144stwo p\u0142atno\u015bci. Ten krok jest zazwyczaj wymagany przed wyp\u0142atami lub wtedy, gdy korzystamy z nowej metody p\u0142atno\u015bci.<\/p>\n<p>Mo\u017cemy zweryfikowa\u0107 nasze konto za pomoc\u0105 dokument\u00f3w takich jak:<\/p>\n<ul>\n<li>Paszport, dow\u00f3d osobisty lub prawo jazdy<\/li>\n<li>Niedawny rachunek za media lub wyci\u0105g bankowy z naszym adresem<\/li>\n<li>Potwierdzenie metody p\u0142atno\u015bci, na przyk\u0142ad zdj\u0119cie naszej karty bankowej z zas\u0142oni\u0119tymi \u015brodkowymi cyframi<\/li>\n<\/ul>\n<p>Wgrywamy te pliki w strefie konta, a gdy je zatwierdzimy, wyp\u0142aty i inne operacje finansowe zazwyczaj przebiegaj\u0105 sprawniej.<\/p>\n<h2>FAQ<\/h2>\n<h3>Jak mo\u017cemy zweryfikowa\u0107 nasze konto?<\/h3>\n<p>Aby zweryfikowa\u0107 nasze konto, logujemy si\u0119 i przechodzimy do sekcji profilu, gdzie wy\u015bwietlamy stron\u0119 weryfikacji. Tam mo\u017cemy przes\u0142a\u0107 zdj\u0119cia lub skany dokument\u00f3w, o kt\u00f3re prosimy, takich jak dokument to\u017csamo\u015bci oraz \u2014 je\u015bli to konieczne \u2014 potwierdzenie adresu. Na przyk\u0142ad mo\u017cemy zrobi\u0107 wyra\u017ane zdj\u0119cie naszego paszportu i przes\u0142a\u0107 aktualny rachunek, na kt\u00f3rym widnieje nasze imi\u0119 i nazwisko. Po wys\u0142aniu plik\u00f3w nasz zesp\u00f3\u0142 je sprawdza i aktualizuje status naszego konta.<\/p>\n<h3>Czy mo\u017cemy zmieni\u0107 has\u0142o lub adres e-mail?<\/h3>\n<p>Mo\u017cemy zmieni\u0107 has\u0142o w ustawieniach bezpiecze\u0144stwa po zalogowaniu. Aby zmieni\u0107 adres e-mail, kontaktujemy si\u0119 z naszym zespo\u0142em wsparcia, aby\u015bmy mogli potwierdzi\u0107, \u017ce jeste\u015bmy w\u0142a\u015bcicielem konta, a nast\u0119pnie bezpiecznie zaktualizowa\u0107 nasze dane. Pomaga nam to chroni\u0107 nasze logowanie do Spinmacho oraz nasze dane osobowe.<\/p>\n<h3>Co powinni\u015bmy zrobi\u0107, je\u015bli nasze konto zosta\u0142o zablokowane?<\/h3>\n<p>Je\u015bli nasze konto zosta\u0142o zablokowane, najpierw sprawdzamy poczt\u0119 e-mail, w tym folder spam, aby upewni\u0107 si\u0119, czy nie wys\u0142ali\u015bmy ju\u017c wiadomo\u015bci z powodem blokady. Czasami blokujemy konta ze wzgl\u0119d\u00f3w bezpiecze\u0144stwa, na przyk\u0142ad po wielu kolejnych b\u0142\u0119dnych pr\u00f3bach podania has\u0142a. Je\u015bli nie znajdziemy \u017cadnych informacji, kontaktujemy si\u0119 z naszym zespo\u0142em wsparcia przez czat lub formularz pomocy na stronie.<\/p>\n<h3>Jak mo\u017cemy zamkn\u0105\u0107 konto lub tymczasowo je zawiesi\u0107?<\/h3>\n<p>Je\u015bli chcemy zrobi\u0107 sobie przerw\u0119 od gry, mo\u017cemy poprosi\u0107 nas o ograniczenie dost\u0119pu do naszego konta na okre\u015blony czas. Na przyk\u0142ad mo\u017cemy zdecydowa\u0107 si\u0119 na przerw\u0119 na tydzie\u0144 lub miesi\u0105c i wr\u00f3ci\u0107 p\u00f3\u017aniej. Je\u015bli jeste\u015bmy pewni, \u017ce nie chcemy ju\u017c korzysta\u0107 z naszych us\u0142ug, mo\u017cemy zamiast tego z\u0142o\u017cy\u0107 wniosek o ca\u0142kowite zamkni\u0119cie konta.<\/p>\n<\/div><\/div><\/p>\n","protected":false},"excerpt":{"rendered":"<p>Logowanie do Spinmacho Dbamy o to, aby proces logowania do Spinmacho by\u0142 przejrzysty i bezpieczny, dzi\u0119ki czemu mo\u017cemy szybko uzyska\u0107 dost\u0119p do naszego konta osobistego o ka\u017cdej porze. Po zalogowaniu mo\u017cemy kontynuowa\u0107 rozgrywk\u0119 w stabilnym \u015brodowisku, maj\u0105c wszystkie kluczowe narz\u0119dzia konta dost\u0119pne w jednym miejscu.<\/p>\n","protected":false},"author":1,"featured_media":0,"parent":0,"menu_order":0,"comment_status":"closed","ping_status":"closed","template":"template-builder.php","meta":{"_acf_changed":false,"inline_featured_image":false,"footnotes":""},"class_list":["post-1650","page","type-page","status-publish","hentry"],"acf":[],"yoast_head":"<!-- This site is optimized with the Yoast SEO plugin v27.3 - https:\/\/yoast.com\/product\/yoast-seo-wordpress\/ -->\n<title>Spinmacho Login: Zaloguj si\u0119, zarejestruj i zweryfikuj konto<\/title>\n<meta name=\"description\" content=\"Uzyskaj szybki i bezpieczny dost\u0119p do konta Spinmacho w kilka minut. Proste kroki logowania, zarz\u0105dzanie profilem, odzyskanie has\u0142a oraz weryfikacja KYC do wyp\u0142at.\" \/>\n<meta name=\"robots\" content=\"index, follow, max-snippet:-1, max-image-preview:large, max-video-preview:-1\" \/>\n<link rel=\"canonical\" href=\"https:\/\/spin-macho.com\/pl\/logowanie-i-rejestracja\/\" \/>\n<meta property=\"og:locale\" content=\"pl_PL\" \/>\n<meta property=\"og:type\" content=\"article\" \/>\n<meta property=\"og:title\" content=\"Spinmacho Login: Zaloguj si\u0119, zarejestruj i zweryfikuj konto\" \/>\n<meta property=\"og:description\" content=\"Uzyskaj szybki i bezpieczny dost\u0119p do konta Spinmacho w kilka minut. Proste kroki logowania, zarz\u0105dzanie profilem, odzyskanie has\u0142a oraz weryfikacja KYC do wyp\u0142at.\" \/>\n<meta property=\"og:url\" content=\"https:\/\/spin-macho.com\/pl\/logowanie-i-rejestracja\/\" \/>\n<meta property=\"og:site_name\" content=\"spinmacho\" \/>\n<meta property=\"article:modified_time\" content=\"2026-02-04T11:45:52+00:00\" \/>\n<meta name=\"twitter:card\" content=\"summary_large_image\" \/>\n<meta name=\"twitter:label1\" content=\"Est. reading time\" \/>\n\t<meta name=\"twitter:data1\" content=\"1 minuta\" \/>\n<script type=\"application\/ld+json\" class=\"yoast-schema-graph\">{\"@context\":\"https:\\\/\\\/schema.org\",\"@graph\":[{\"@type\":\"WebPage\",\"@id\":\"https:\\\/\\\/spin-macho.com\\\/pl\\\/logowanie-i-rejestracja\\\/\",\"url\":\"https:\\\/\\\/spin-macho.com\\\/pl\\\/logowanie-i-rejestracja\\\/\",\"name\":\"Spinmacho Login: Zaloguj si\u0119, zarejestruj i zweryfikuj konto\",\"isPartOf\":{\"@id\":\"https:\\\/\\\/spin-macho.com\\\/pl\\\/#website\"},\"datePublished\":\"2026-02-04T07:37:22+00:00\",\"dateModified\":\"2026-02-04T11:45:52+00:00\",\"description\":\"Uzyskaj szybki i bezpieczny dost\u0119p do konta Spinmacho w kilka minut. Proste kroki logowania, zarz\u0105dzanie profilem, odzyskanie has\u0142a oraz weryfikacja KYC do wyp\u0142at.\",\"breadcrumb\":{\"@id\":\"https:\\\/\\\/spin-macho.com\\\/pl\\\/logowanie-i-rejestracja\\\/#breadcrumb\"},\"inLanguage\":\"pl-PL\",\"potentialAction\":[{\"@type\":\"ReadAction\",\"target\":[\"https:\\\/\\\/spin-macho.com\\\/pl\\\/logowanie-i-rejestracja\\\/\"]}]},{\"@type\":\"BreadcrumbList\",\"@id\":\"https:\\\/\\\/spin-macho.com\\\/pl\\\/logowanie-i-rejestracja\\\/#breadcrumb\",\"itemListElement\":[{\"@type\":\"ListItem\",\"position\":1,\"name\":\"Spinmacho\",\"item\":\"https:\\\/\\\/spin-macho.com\\\/pl\\\/\"},{\"@type\":\"ListItem\",\"position\":2,\"name\":\"Logowanie i rejestracja\"}]},{\"@type\":\"WebSite\",\"@id\":\"https:\\\/\\\/spin-macho.com\\\/pl\\\/#website\",\"url\":\"https:\\\/\\\/spin-macho.com\\\/pl\\\/\",\"name\":\"Spinmacho\",\"description\":\"\",\"publisher\":{\"@id\":\"https:\\\/\\\/spin-macho.com\\\/pl\\\/#organization\"},\"potentialAction\":[{\"@type\":\"SearchAction\",\"target\":{\"@type\":\"EntryPoint\",\"urlTemplate\":\"https:\\\/\\\/spin-macho.com\\\/pl\\\/?s={search_term_string}\"},\"query-input\":{\"@type\":\"PropertyValueSpecification\",\"valueRequired\":true,\"valueName\":\"search_term_string\"}}],\"inLanguage\":\"pl-PL\"},{\"@type\":\"Organization\",\"@id\":\"https:\\\/\\\/spin-macho.com\\\/pl\\\/#organization\",\"name\":\"Spinmacho\",\"url\":\"https:\\\/\\\/spin-macho.com\\\/pl\\\/\",\"logo\":{\"@type\":\"ImageObject\",\"inLanguage\":\"pl-PL\",\"@id\":\"https:\\\/\\\/spin-macho.com\\\/pl\\\/#\\\/schema\\\/logo\\\/image\\\/\",\"url\":\"https:\\\/\\\/spin-macho.com\\\/wp-content\\\/uploads\\\/2026\\\/02\\\/Spinmacho-logo-Desktop.png\",\"contentUrl\":\"https:\\\/\\\/spin-macho.com\\\/wp-content\\\/uploads\\\/2026\\\/02\\\/Spinmacho-logo-Desktop.png\",\"width\":115,\"height\":28,\"caption\":\"Spinmacho\"},\"image\":{\"@id\":\"https:\\\/\\\/spin-macho.com\\\/pl\\\/#\\\/schema\\\/logo\\\/image\\\/\"}}]}<\/script>\n<!-- \/ Yoast SEO plugin. -->","yoast_head_json":{"title":"Spinmacho Login: Zaloguj si\u0119, zarejestruj i zweryfikuj konto","description":"Uzyskaj szybki i bezpieczny dost\u0119p do konta Spinmacho w kilka minut. Proste kroki logowania, zarz\u0105dzanie profilem, odzyskanie has\u0142a oraz weryfikacja KYC do wyp\u0142at.","robots":{"index":"index","follow":"follow","max-snippet":"max-snippet:-1","max-image-preview":"max-image-preview:large","max-video-preview":"max-video-preview:-1"},"canonical":"https:\/\/spin-macho.com\/pl\/logowanie-i-rejestracja\/","og_locale":"pl_PL","og_type":"article","og_title":"Spinmacho Login: Zaloguj si\u0119, zarejestruj i zweryfikuj konto","og_description":"Uzyskaj szybki i bezpieczny dost\u0119p do konta Spinmacho w kilka minut. Proste kroki logowania, zarz\u0105dzanie profilem, odzyskanie has\u0142a oraz weryfikacja KYC do wyp\u0142at.","og_url":"https:\/\/spin-macho.com\/pl\/logowanie-i-rejestracja\/","og_site_name":"spinmacho","article_modified_time":"2026-02-04T11:45:52+00:00","twitter_card":"summary_large_image","twitter_misc":{"Est. reading time":"1 minuta"},"schema":{"@context":"https:\/\/schema.org","@graph":[{"@type":"WebPage","@id":"https:\/\/spin-macho.com\/pl\/logowanie-i-rejestracja\/","url":"https:\/\/spin-macho.com\/pl\/logowanie-i-rejestracja\/","name":"Spinmacho Login: Zaloguj si\u0119, zarejestruj i zweryfikuj konto","isPartOf":{"@id":"https:\/\/spin-macho.com\/pl\/#website"},"datePublished":"2026-02-04T07:37:22+00:00","dateModified":"2026-02-04T11:45:52+00:00","description":"Uzyskaj szybki i bezpieczny dost\u0119p do konta Spinmacho w kilka minut. Proste kroki logowania, zarz\u0105dzanie profilem, odzyskanie has\u0142a oraz weryfikacja KYC do wyp\u0142at.","breadcrumb":{"@id":"https:\/\/spin-macho.com\/pl\/logowanie-i-rejestracja\/#breadcrumb"},"inLanguage":"pl-PL","potentialAction":[{"@type":"ReadAction","target":["https:\/\/spin-macho.com\/pl\/logowanie-i-rejestracja\/"]}]},{"@type":"BreadcrumbList","@id":"https:\/\/spin-macho.com\/pl\/logowanie-i-rejestracja\/#breadcrumb","itemListElement":[{"@type":"ListItem","position":1,"name":"Spinmacho","item":"https:\/\/spin-macho.com\/pl\/"},{"@type":"ListItem","position":2,"name":"Logowanie i rejestracja"}]},{"@type":"WebSite","@id":"https:\/\/spin-macho.com\/pl\/#website","url":"https:\/\/spin-macho.com\/pl\/","name":"Spinmacho","description":"","publisher":{"@id":"https:\/\/spin-macho.com\/pl\/#organization"},"potentialAction":[{"@type":"SearchAction","target":{"@type":"EntryPoint","urlTemplate":"https:\/\/spin-macho.com\/pl\/?s={search_term_string}"},"query-input":{"@type":"PropertyValueSpecification","valueRequired":true,"valueName":"search_term_string"}}],"inLanguage":"pl-PL"},{"@type":"Organization","@id":"https:\/\/spin-macho.com\/pl\/#organization","name":"Spinmacho","url":"https:\/\/spin-macho.com\/pl\/","logo":{"@type":"ImageObject","inLanguage":"pl-PL","@id":"https:\/\/spin-macho.com\/pl\/#\/schema\/logo\/image\/","url":"https:\/\/spin-macho.com\/wp-content\/uploads\/2026\/02\/Spinmacho-logo-Desktop.png","contentUrl":"https:\/\/spin-macho.com\/wp-content\/uploads\/2026\/02\/Spinmacho-logo-Desktop.png","width":115,"height":28,"caption":"Spinmacho"},"image":{"@id":"https:\/\/spin-macho.com\/pl\/#\/schema\/logo\/image\/"}}]}},"_links":{"self":[{"href":"https:\/\/spin-macho.com\/pl\/wp-json\/wp\/v2\/pages\/1650","targetHints":{"allow":["GET"]}}],"collection":[{"href":"https:\/\/spin-macho.com\/pl\/wp-json\/wp\/v2\/pages"}],"about":[{"href":"https:\/\/spin-macho.com\/pl\/wp-json\/wp\/v2\/types\/page"}],"author":[{"embeddable":true,"href":"https:\/\/spin-macho.com\/pl\/wp-json\/wp\/v2\/users\/1"}],"replies":[{"embeddable":true,"href":"https:\/\/spin-macho.com\/pl\/wp-json\/wp\/v2\/comments?post=1650"}],"version-history":[{"count":1,"href":"https:\/\/spin-macho.com\/pl\/wp-json\/wp\/v2\/pages\/1650\/revisions"}],"predecessor-version":[{"id":2049,"href":"https:\/\/spin-macho.com\/pl\/wp-json\/wp\/v2\/pages\/1650\/revisions\/2049"}],"wp:attachment":[{"href":"https:\/\/spin-macho.com\/pl\/wp-json\/wp\/v2\/media?parent=1650"}],"curies":[{"name":"wp","href":"https:\/\/api.w.org\/{rel}","templated":true}]}}