{"id":1651,"date":"2026-02-04T07:37:22","date_gmt":"2026-02-04T07:37:22","guid":{"rendered":"https:\/\/spin-macho.com\/login-and-registration\/"},"modified":"2026-02-04T12:04:58","modified_gmt":"2026-02-04T12:04:58","slug":"inicio-de-sessao-e-registo","status":"publish","type":"page","link":"https:\/\/spin-macho.com\/pt-pt\/inicio-de-sessao-e-registo\/","title":{"rendered":"In\u00edcio de sess\u00e3o e registo"},"content":{"rendered":"<h1>Iniciar sess\u00e3o no Spinmacho<\/h1>\n<p>Mantemos o processo de in\u00edcio de sess\u00e3o no Spinmacho claro e seguro para que possamos aceder rapidamente \u00e0 nossa conta pessoal a qualquer momento. Depois de iniciarmos sess\u00e3o, podemos continuar a nossa experi\u00eancia de jogo num ambiente est\u00e1vel, com todas as principais ferramentas da conta dispon\u00edveis num s\u00f3 lugar.<\/p>\n<p><div class=\"banner-wrap\" aria-label=\"Banner\"><img src=\"https:\/\/spin-macho.com\/wp-content\/uploads\/2026\/02\/Spinmacho-Banner-Desktop.webp\" class=\"w-100 d-none d-lg-block img-pc main-banner-img\" alt=\"Spinmacho Banner Desktop\" fetchpriority=\"high\" decoding=\"async\"><img src=\"https:\/\/spin-macho.com\/wp-content\/uploads\/2026\/02\/Spinmacho-banner-mobile.webp\" class=\"w-100 d-none d-md-block d-lg-none main-banner-img\" alt=\"Spinmacho banner mobile\" fetchpriority=\"high\" decoding=\"async\"><img src=\"https:\/\/spin-macho.com\/wp-content\/uploads\/2026\/02\/Spinmacho-banner-mobile.webp\" class=\"w-100 d-md-none\" alt=\"Spinmacho banner mobile\" fetchpriority=\"high\" decoding=\"async\"><div class=\"banner-description\">\n<div class=\"banner-title\">B\u00f3nus de Boas-Vindas<\/div>\n<p class=\"banner-header-title\">\u20ac1500<\/p>\n<div class=\"banner-header-AdditionalText\">+ 250 Rodadas Gr\u00e1tis<\/div>\n<button data-item=\"homepage_banner_link\" class=\"goto m-button m-gradient-border m-button--primary m-button--large banner-button btn-orange\">\n            <div class=\"m-button-content\">\n                <span>Registe-se agora<\/span>\n                <span><\/span>\n            <\/div>\n        <\/button>\n<\/div>\n<div class=\"WelcomePack\">\n<p><img loading=\"lazy\" decoding=\"async\" class=\"alignnone size-full wp-image-1530\" src=\"https:\/\/spin-macho.com\/wp-content\/uploads\/2026\/02\/welcome-crown.png\" alt=\"welcome crown\" width=\"25\" height=\"26\" \/><\/p>\n<div class=\"WelcomePack-Info\">Cashback semanal at\u00e9 25%<\/div>\n<p><img loading=\"lazy\" decoding=\"async\" class=\"alignnone size-full wp-image-1530\" src=\"https:\/\/spin-macho.com\/wp-content\/uploads\/2026\/02\/welcome-crown.png\" alt=\"welcome crown\" width=\"25\" height=\"26\" \/><\/p>\n<\/div>\n<\/div><div class=\"scrollable-content-wrap my-5\"><div class=\"scrollable-content-inner\"><h2>Registo no Spinmacho<\/h2>\n<p>Quando nos registamos no Spin Macho, criamos uma conta pessoal que nos permite usar o in\u00edcio de sess\u00e3o do Spinmacho e jogar num ambiente seguro. Ap\u00f3s o registo, temos acesso total ao jogo com dinheiro real e \u00e0s principais fun\u00e7\u00f5es da conta na nossa plataforma.<\/p>\n<p>Para registar uma nova conta, seguimos estes passos:<\/p>\n<ol>\n<li>No nosso site, clicamos no bot\u00e3o Registar.<\/li>\n<li>Introduzimos um endere\u00e7o de e-mail v\u00e1lido e criamos uma palavra-passe forte para os nossos futuros in\u00edcios de sess\u00e3o.<\/li>\n<li>Confirmamos que temos idade legal e aceitamos os Termos e Condi\u00e7\u00f5es e a Pol\u00edtica de Privacidade.<\/li>\n<li>Enviamos o formul\u00e1rio e, se necess\u00e1rio, confirmamos o nosso e-mail ao seguir a liga\u00e7\u00e3o enviada para a nossa caixa de entrada.<\/li>\n<\/ol>\n<p>Assim que a nossa conta estiver criada, podemos aceder \u00e0 \u00e1rea do nosso perfil e gerir a nossa atividade no Spinmacho de forma conveniente.<\/p>\n<h2>In\u00edcio de sess\u00e3o no Spinmacho e gest\u00e3o da conta<\/h2>\n<p>Desenvolvemos o processo de in\u00edcio de sess\u00e3o no Spinmacho para ser r\u00e1pido e claro, para que possamos voltar aos nossos jogos e \u00e0 \u00e1rea da conta sem confus\u00f5es. Depois de iniciarmos sess\u00e3o, temos acesso direto ao nosso painel pessoal, onde controlamos a nossa atividade e as defini\u00e7\u00f5es na nossa plataforma.<\/p>\n<p>Para iniciar sess\u00e3o na nossa conta, seguimos estes passos:<\/p>\n<ol>\n<li>Abrimos o nosso site e clicamos no bot\u00e3o Iniciar sess\u00e3o.<\/li>\n<li>Introduzimos o endere\u00e7o de e-mail que usamos durante o registo e a nossa palavra-passe.<\/li>\n<li>Clicamos em Iniciar sess\u00e3o para aceder \u00e0 \u00e1rea pessoal da nossa conta.<\/li>\n<\/ol>\n<p>Na nossa conta, podemos ver o saldo atual e a atividade recente de forma estruturada. Podemos atualizar dados pessoais, alterar defini\u00e7\u00f5es de seguran\u00e7a e ajustar prefer\u00eancias de comunica\u00e7\u00e3o conforme as nossas necessidades. O nosso painel tamb\u00e9m ajuda a acompanhar a nossa atividade de jogo e a manter um melhor controlo sobre a nossa experi\u00eancia no Spin Macho.<\/p>\n<h3>Esqueceu-se da palavra-passe?<\/h3>\n<p>Se nos esquecermos da palavra-passe, podemos recuperar o acesso \u00e0 nossa conta Spin Macho atrav\u00e9s da op\u00e7\u00e3o padr\u00e3o de recupera\u00e7\u00e3o no nosso site. Na p\u00e1gina de in\u00edcio de sess\u00e3o, selecionamos a liga\u00e7\u00e3o de recupera\u00e7\u00e3o de palavra-passe e introduzimos o endere\u00e7o de e-mail que usamos para iniciar sess\u00e3o no Spinmacho. Enviaremos instru\u00e7\u00f5es com uma liga\u00e7\u00e3o segura e, depois de a seguirmos, podemos definir uma nova palavra-passe para a nossa conta.<\/p>\n<h2>Verifica\u00e7\u00e3o no Casino Spinmacho<\/h2>\n<p>No Spinmacho, pedimos que os jogadores concluam a verifica\u00e7\u00e3o para que possamos proteger as contas, cumprir as regras locais e manter os pagamentos seguros. Este passo costuma ser necess\u00e1rio antes de levantamentos ou quando utilizamos um novo m\u00e9todo de pagamento.<\/p>\n<p>Podemos verificar a nossa conta com documentos como:<\/p>\n<ul>\n<li>Passaporte, cart\u00e3o de identifica\u00e7\u00e3o ou carta de condu\u00e7\u00e3o<\/li>\n<li>Fatura recente de servi\u00e7os (por exemplo, eletricidade\/\u00e1gua\/g\u00e1s) ou extrato banc\u00e1rio com a nossa morada<\/li>\n<li>Comprovativo do m\u00e9todo de pagamento, por exemplo uma foto do nosso cart\u00e3o banc\u00e1rio com os d\u00edgitos do meio ocultos<\/li>\n<\/ul>\n<p>Carregamos estes ficheiros na \u00e1rea da nossa conta e, assim que os aprovarmos, os pagamentos e outras a\u00e7\u00f5es financeiras costumam tornar-se mais simples.<\/p>\n<h2>Perguntas frequentes<\/h2>\n<h3>Como podemos verificar a nossa conta?<\/h3>\n<p>Para verificarmos a nossa conta, iniciamos sess\u00e3o e vamos \u00e0 sec\u00e7\u00e3o do nosso perfil, onde apresentamos a p\u00e1gina de verifica\u00e7\u00e3o. A\u00ed, podemos carregar fotos ou digitaliza\u00e7\u00f5es dos documentos que pedimos, como um documento de identifica\u00e7\u00e3o e, se necess\u00e1rio, um comprovativo de morada. Por exemplo, podemos tirar uma foto n\u00edtida do nosso passaporte e de uma fatura recente que mostre o nosso nome. Depois de enviarmos os ficheiros, a nossa equipa verifica-os e atualiza o estado da nossa conta.<\/p>\n<h3>Podemos alterar a nossa palavra-passe ou o endere\u00e7o de e-mail?<\/h3>\n<p>Podemos alterar a nossa palavra-passe nas defini\u00e7\u00f5es de seguran\u00e7a ap\u00f3s iniciarmos sess\u00e3o. Para alterarmos o nosso endere\u00e7o de e-mail, contactamos a nossa equipa de apoio para que possamos confirmar que somos o titular da conta e, em seguida, atualizar os nossos dados em seguran\u00e7a. Isto ajuda-nos a proteger o nosso acesso ao Spinmacho e os nossos dados pessoais.<\/p>\n<h3>O que devemos fazer se a nossa conta estiver bloqueada?<\/h3>\n<p>Se a nossa conta estiver bloqueada, primeiro verificamos o nosso e-mail, incluindo a pasta de spam, para ver se j\u00e1 envi\u00e1mos uma mensagem com o motivo. Por vezes, bloqueamos contas por raz\u00f5es de seguran\u00e7a, por exemplo, depois de muitas palavras-passe incorretas seguidas. Se n\u00e3o encontrarmos qualquer informa\u00e7\u00e3o, entramos em contacto com a nossa equipa de apoio atrav\u00e9s do chat ou do formul\u00e1rio de ajuda no site.<\/p>\n<h3>Como podemos fechar ou suspender temporariamente a nossa conta?<\/h3>\n<p>Se quisermos fazer uma pausa no jogo, podemos pedir-nos para limitar o acesso \u00e0 nossa conta durante um determinado per\u00edodo. Por exemplo, podemos decidir fazer uma pausa de uma semana ou de um m\u00eas e voltar mais tarde. Se tivermos a certeza de que j\u00e1 n\u00e3o queremos utilizar os nossos servi\u00e7os, podemos pedir o encerramento total em vez disso.<\/p>\n<\/div><\/div><\/p>\n","protected":false},"excerpt":{"rendered":"<p>Iniciar sess\u00e3o no Spinmacho Mantemos o processo de in\u00edcio de sess\u00e3o no Spinmacho claro e seguro para que possamos aceder rapidamente \u00e0 nossa conta pessoal a qualquer momento. Depois de iniciarmos sess\u00e3o, podemos continuar a nossa experi\u00eancia de jogo num ambiente est\u00e1vel, com todas as principais ferramentas da conta dispon\u00edveis num s\u00f3 lugar.<\/p>\n","protected":false},"author":1,"featured_media":0,"parent":0,"menu_order":0,"comment_status":"closed","ping_status":"closed","template":"template-builder.php","meta":{"_acf_changed":false,"inline_featured_image":false,"footnotes":""},"class_list":["post-1651","page","type-page","status-publish","hentry"],"acf":[],"yoast_head":"<!-- This site is optimized with the Yoast SEO plugin v27.3 - https:\/\/yoast.com\/product\/yoast-seo-wordpress\/ -->\n<title>Spinmacho Login: iniciar sess\u00e3o, registar e verificar a conta<\/title>\n<meta name=\"description\" content=\"Aceda \u00e0 sua conta Spinmacho de forma r\u00e1pida e segura. Siga passos de login, fa\u00e7a a gest\u00e3o do perfil, recupere a palavra-passe e conclua o KYC para levantamentos.\" \/>\n<meta name=\"robots\" content=\"index, follow, max-snippet:-1, max-image-preview:large, max-video-preview:-1\" \/>\n<link rel=\"canonical\" href=\"https:\/\/spin-macho.com\/pt-pt\/inicio-de-sessao-e-registo\/\" \/>\n<meta property=\"og:locale\" content=\"pt_PT\" \/>\n<meta property=\"og:type\" content=\"article\" \/>\n<meta property=\"og:title\" content=\"Spinmacho Login: iniciar sess\u00e3o, registar e verificar a conta\" \/>\n<meta property=\"og:description\" content=\"Aceda \u00e0 sua conta Spinmacho de forma r\u00e1pida e segura. Siga passos de login, fa\u00e7a a gest\u00e3o do perfil, recupere a palavra-passe e conclua o KYC para levantamentos.\" \/>\n<meta property=\"og:url\" content=\"https:\/\/spin-macho.com\/pt-pt\/inicio-de-sessao-e-registo\/\" \/>\n<meta property=\"og:site_name\" content=\"spinmacho\" \/>\n<meta property=\"article:modified_time\" content=\"2026-02-04T12:04:58+00:00\" \/>\n<meta name=\"twitter:card\" content=\"summary_large_image\" \/>\n<meta name=\"twitter:label1\" content=\"Est. reading time\" \/>\n\t<meta name=\"twitter:data1\" content=\"1 minuto\" \/>\n<script type=\"application\/ld+json\" class=\"yoast-schema-graph\">{\"@context\":\"https:\\\/\\\/schema.org\",\"@graph\":[{\"@type\":\"WebPage\",\"@id\":\"https:\\\/\\\/spin-macho.com\\\/pt-pt\\\/inicio-de-sessao-e-registo\\\/\",\"url\":\"https:\\\/\\\/spin-macho.com\\\/pt-pt\\\/inicio-de-sessao-e-registo\\\/\",\"name\":\"Spinmacho Login: iniciar sess\u00e3o, registar e verificar a conta\",\"isPartOf\":{\"@id\":\"https:\\\/\\\/spin-macho.com\\\/pt-pt\\\/#website\"},\"datePublished\":\"2026-02-04T07:37:22+00:00\",\"dateModified\":\"2026-02-04T12:04:58+00:00\",\"description\":\"Aceda \u00e0 sua conta Spinmacho de forma r\u00e1pida e segura. Siga passos de login, fa\u00e7a a gest\u00e3o do perfil, recupere a palavra-passe e conclua o KYC para levantamentos.\",\"breadcrumb\":{\"@id\":\"https:\\\/\\\/spin-macho.com\\\/pt-pt\\\/inicio-de-sessao-e-registo\\\/#breadcrumb\"},\"inLanguage\":\"pt-PT\",\"potentialAction\":[{\"@type\":\"ReadAction\",\"target\":[\"https:\\\/\\\/spin-macho.com\\\/pt-pt\\\/inicio-de-sessao-e-registo\\\/\"]}]},{\"@type\":\"BreadcrumbList\",\"@id\":\"https:\\\/\\\/spin-macho.com\\\/pt-pt\\\/inicio-de-sessao-e-registo\\\/#breadcrumb\",\"itemListElement\":[{\"@type\":\"ListItem\",\"position\":1,\"name\":\"Spinmacho\",\"item\":\"https:\\\/\\\/spin-macho.com\\\/pt-pt\\\/\"},{\"@type\":\"ListItem\",\"position\":2,\"name\":\"In\u00edcio de sess\u00e3o e registo\"}]},{\"@type\":\"WebSite\",\"@id\":\"https:\\\/\\\/spin-macho.com\\\/pt-pt\\\/#website\",\"url\":\"https:\\\/\\\/spin-macho.com\\\/pt-pt\\\/\",\"name\":\"Spinmacho\",\"description\":\"\",\"publisher\":{\"@id\":\"https:\\\/\\\/spin-macho.com\\\/pt-pt\\\/#organization\"},\"potentialAction\":[{\"@type\":\"SearchAction\",\"target\":{\"@type\":\"EntryPoint\",\"urlTemplate\":\"https:\\\/\\\/spin-macho.com\\\/pt-pt\\\/?s={search_term_string}\"},\"query-input\":{\"@type\":\"PropertyValueSpecification\",\"valueRequired\":true,\"valueName\":\"search_term_string\"}}],\"inLanguage\":\"pt-PT\"},{\"@type\":\"Organization\",\"@id\":\"https:\\\/\\\/spin-macho.com\\\/pt-pt\\\/#organization\",\"name\":\"Spinmacho\",\"url\":\"https:\\\/\\\/spin-macho.com\\\/pt-pt\\\/\",\"logo\":{\"@type\":\"ImageObject\",\"inLanguage\":\"pt-PT\",\"@id\":\"https:\\\/\\\/spin-macho.com\\\/pt-pt\\\/#\\\/schema\\\/logo\\\/image\\\/\",\"url\":\"https:\\\/\\\/spin-macho.com\\\/wp-content\\\/uploads\\\/2026\\\/02\\\/Spinmacho-logo-Desktop.png\",\"contentUrl\":\"https:\\\/\\\/spin-macho.com\\\/wp-content\\\/uploads\\\/2026\\\/02\\\/Spinmacho-logo-Desktop.png\",\"width\":115,\"height\":28,\"caption\":\"Spinmacho\"},\"image\":{\"@id\":\"https:\\\/\\\/spin-macho.com\\\/pt-pt\\\/#\\\/schema\\\/logo\\\/image\\\/\"}}]}<\/script>\n<!-- \/ Yoast SEO plugin. -->","yoast_head_json":{"title":"Spinmacho Login: iniciar sess\u00e3o, registar e verificar a conta","description":"Aceda \u00e0 sua conta Spinmacho de forma r\u00e1pida e segura. Siga passos de login, fa\u00e7a a gest\u00e3o do perfil, recupere a palavra-passe e conclua o KYC para levantamentos.","robots":{"index":"index","follow":"follow","max-snippet":"max-snippet:-1","max-image-preview":"max-image-preview:large","max-video-preview":"max-video-preview:-1"},"canonical":"https:\/\/spin-macho.com\/pt-pt\/inicio-de-sessao-e-registo\/","og_locale":"pt_PT","og_type":"article","og_title":"Spinmacho Login: iniciar sess\u00e3o, registar e verificar a conta","og_description":"Aceda \u00e0 sua conta Spinmacho de forma r\u00e1pida e segura. Siga passos de login, fa\u00e7a a gest\u00e3o do perfil, recupere a palavra-passe e conclua o KYC para levantamentos.","og_url":"https:\/\/spin-macho.com\/pt-pt\/inicio-de-sessao-e-registo\/","og_site_name":"spinmacho","article_modified_time":"2026-02-04T12:04:58+00:00","twitter_card":"summary_large_image","twitter_misc":{"Est. reading time":"1 minuto"},"schema":{"@context":"https:\/\/schema.org","@graph":[{"@type":"WebPage","@id":"https:\/\/spin-macho.com\/pt-pt\/inicio-de-sessao-e-registo\/","url":"https:\/\/spin-macho.com\/pt-pt\/inicio-de-sessao-e-registo\/","name":"Spinmacho Login: iniciar sess\u00e3o, registar e verificar a conta","isPartOf":{"@id":"https:\/\/spin-macho.com\/pt-pt\/#website"},"datePublished":"2026-02-04T07:37:22+00:00","dateModified":"2026-02-04T12:04:58+00:00","description":"Aceda \u00e0 sua conta Spinmacho de forma r\u00e1pida e segura. Siga passos de login, fa\u00e7a a gest\u00e3o do perfil, recupere a palavra-passe e conclua o KYC para levantamentos.","breadcrumb":{"@id":"https:\/\/spin-macho.com\/pt-pt\/inicio-de-sessao-e-registo\/#breadcrumb"},"inLanguage":"pt-PT","potentialAction":[{"@type":"ReadAction","target":["https:\/\/spin-macho.com\/pt-pt\/inicio-de-sessao-e-registo\/"]}]},{"@type":"BreadcrumbList","@id":"https:\/\/spin-macho.com\/pt-pt\/inicio-de-sessao-e-registo\/#breadcrumb","itemListElement":[{"@type":"ListItem","position":1,"name":"Spinmacho","item":"https:\/\/spin-macho.com\/pt-pt\/"},{"@type":"ListItem","position":2,"name":"In\u00edcio de sess\u00e3o e registo"}]},{"@type":"WebSite","@id":"https:\/\/spin-macho.com\/pt-pt\/#website","url":"https:\/\/spin-macho.com\/pt-pt\/","name":"Spinmacho","description":"","publisher":{"@id":"https:\/\/spin-macho.com\/pt-pt\/#organization"},"potentialAction":[{"@type":"SearchAction","target":{"@type":"EntryPoint","urlTemplate":"https:\/\/spin-macho.com\/pt-pt\/?s={search_term_string}"},"query-input":{"@type":"PropertyValueSpecification","valueRequired":true,"valueName":"search_term_string"}}],"inLanguage":"pt-PT"},{"@type":"Organization","@id":"https:\/\/spin-macho.com\/pt-pt\/#organization","name":"Spinmacho","url":"https:\/\/spin-macho.com\/pt-pt\/","logo":{"@type":"ImageObject","inLanguage":"pt-PT","@id":"https:\/\/spin-macho.com\/pt-pt\/#\/schema\/logo\/image\/","url":"https:\/\/spin-macho.com\/wp-content\/uploads\/2026\/02\/Spinmacho-logo-Desktop.png","contentUrl":"https:\/\/spin-macho.com\/wp-content\/uploads\/2026\/02\/Spinmacho-logo-Desktop.png","width":115,"height":28,"caption":"Spinmacho"},"image":{"@id":"https:\/\/spin-macho.com\/pt-pt\/#\/schema\/logo\/image\/"}}]}},"_links":{"self":[{"href":"https:\/\/spin-macho.com\/pt-pt\/wp-json\/wp\/v2\/pages\/1651","targetHints":{"allow":["GET"]}}],"collection":[{"href":"https:\/\/spin-macho.com\/pt-pt\/wp-json\/wp\/v2\/pages"}],"about":[{"href":"https:\/\/spin-macho.com\/pt-pt\/wp-json\/wp\/v2\/types\/page"}],"author":[{"embeddable":true,"href":"https:\/\/spin-macho.com\/pt-pt\/wp-json\/wp\/v2\/users\/1"}],"replies":[{"embeddable":true,"href":"https:\/\/spin-macho.com\/pt-pt\/wp-json\/wp\/v2\/comments?post=1651"}],"version-history":[{"count":2,"href":"https:\/\/spin-macho.com\/pt-pt\/wp-json\/wp\/v2\/pages\/1651\/revisions"}],"predecessor-version":[{"id":2081,"href":"https:\/\/spin-macho.com\/pt-pt\/wp-json\/wp\/v2\/pages\/1651\/revisions\/2081"}],"wp:attachment":[{"href":"https:\/\/spin-macho.com\/pt-pt\/wp-json\/wp\/v2\/media?parent=1651"}],"curies":[{"name":"wp","href":"https:\/\/api.w.org\/{rel}","templated":true}]}}